{"id":5631,"date":"2023-04-15T18:00:38","date_gmt":"2023-04-15T18:00:38","guid":{"rendered":"https:\/\/thecastle.com.pl\/?page_id=5631"},"modified":"2025-04-15T15:12:10","modified_gmt":"2025-04-15T15:12:10","slug":"cookie-richtlinie","status":"publish","type":"page","link":"https:\/\/thecastle.com.pl\/de\/cookie-richtlinie\/","title":{"rendered":"Cookie-Richtlinie"},"content":{"rendered":"<div data-elementor-type=\"wp-page\" data-elementor-id=\"5631\" class=\"elementor elementor-5631\">\n\t\t\t\t\t\t<section class=\"elementor-section elementor-top-section elementor-element elementor-element-76df1a28 elementor-section-boxed elementor-section-height-default elementor-section-height-default\" data-id=\"76df1a28\" data-element_type=\"section\">\n\t\t\t\t\t\t<div class=\"elementor-container elementor-column-gap-default\">\n\t\t\t\t\t<div class=\"elementor-column elementor-col-100 elementor-top-column elementor-element elementor-element-73d87b81\" data-id=\"73d87b81\" data-element_type=\"column\">\n\t\t\t<div class=\"elementor-widget-wrap elementor-element-populated\">\n\t\t\t\t\t\t<div class=\"elementor-element elementor-element-5b320154 elementor-widget elementor-widget-text-editor\" data-id=\"5b320154\" data-element_type=\"widget\" data-widget_type=\"text-editor.default\">\n\t\t\t\t<div class=\"elementor-widget-container\">\n\t\t\t\t\t\t\t\t\t<p><\/p>\n<h1>Cookie-Richtlinie<\/h1>\n<p>\u00a0<\/p>\n<p><span style=\"color: inherit; font-family: inherit; font-size: inherit; font-style: inherit; font-weight: inherit;\">Cookies sind kleine Datendateien, die auf Ihrem Computer oder Mobilger\u00e4t installiert werden, wenn Sie eine Website besucht. Cookies werden von Website-Betreibern h\u00e4ufig verwendet, um ihre Websites funktionsf\u00e4hig zu machen oder effizienter zu funktionieren und um Berichtsinformationen bereitzustellen.\u00a0<\/span><\/p>\n<h2><span style=\"color: inherit; font-family: inherit; font-size: inherit; font-style: inherit; font-weight: inherit;\">Welche Informationen sammeln die Cookies?<\/span><\/h2>\n<p>Auf unserer Website sammeln Cookies folgende Informationen:<\/p>\n<ul>\n<li>\n<p>IP-Adresse<\/p>\n<\/li>\n<li>\n<p>Angesehene Seiten<\/p>\n<\/li>\n<li>\n<p>Browser-Typ<\/p>\n<\/li>\n<li>\n<p>Browser-Informationen<\/p>\n<\/li>\n<li>\n<p>Das Betriebssystem<\/p>\n<\/li>\n<li>\n<p>Eine verweisende URL<\/p>\n<\/li>\n<li>\n<p>Verweildauer auf unserer Website<\/p>\n<\/li>\n<\/ul>\n<h2>Wie werden Cookies verwendet?<\/h2>\n<p>Wir verwenden Google Analytics, um statistische Analysen der Seitennutzung, der Seiteninteraktionen und der Routen durch die Website durchzuf\u00fchren, um unsere Website zu bewerten und weiterzuentwickeln. Das wird als \"digitale Analytik\" bekannt. Wir k\u00f6nnen auch bestimmte Informationen speichern, die unsere Kunden beim Kauf auf der Website oder bei anderen Prozessen angeben.<\/p>\n<p>F\u00fcr weitere Informationen dar\u00fcber, wie Google die \u00fcber diesen Dienst gesammelten Daten nutzt, schauen Sie hier:\u00a0<a class=\"atds-link\" href=\"http:\/\/www.google.com\/policies\/privacy\/partners\/\" target=\"_blank\" rel=\"nofollow noopener noreferrer\">http:\/\/www.google.com\/policies\/privacy\/partners\/<\/a><\/p>\n<p>Um keine Zustimmung dazu zu geben, per Google Analytics nachverfolgt zu werden, k\u00f6nnen Sie auch Googles Deaktivierungs-Add-on f\u00fcr Browser ver:\u00a0<a class=\"atds-link\" href=\"https:\/\/tools.google.com\/dlpage\/gaoptout\" target=\"_blank\" rel=\"nofollow noopener noreferrer\">https:\/\/tools.google.com\/dlpage\/gaoptout<\/a><\/p>\n<p><\/p>\t\t\t\t\t\t\t\t<\/div>\n\t\t\t\t<\/div>\n\t\t\t\t\t<\/div>\n\t\t<\/div>\n\t\t\t\t\t<\/div>\n\t\t<\/section>\n\t\t\t\t<\/div>","protected":false},"excerpt":{"rendered":"<p>Cookie-Richtlinie Cookies sind kleine Datendateien, die auf Ihrem Computer oder Mobilger\u00e4t gespeichert werden, wenn Sie eine Website besuchen. Cookies werden von Website-Betreibern h\u00e4ufig verwendet, damit ihre Websites funktionieren oder besser funktionieren ... <a href=\"https:\/\/thecastle.com.pl\/de\/cookie-richtlinie\/\">Mehr lesen<\/a><\/p>","protected":false},"author":1,"featured_media":0,"parent":0,"menu_order":0,"comment_status":"closed","ping_status":"open","template":"","meta":{"footnotes":""},"class_list":["post-5631","page","type-page","status-publish","hentry"],"yoast_head":"<!-- This site is optimized with the Yoast SEO plugin v25.5 - https:\/\/yoast.com\/wordpress\/plugins\/seo\/ -->\n<title>Cookie Policy - The Castle - Krakow Accommodation and Guide<\/title>\n<meta name=\"robots\" content=\"noindex, follow\" \/>\n<meta property=\"og:locale\" content=\"de_DE\" \/>\n<meta property=\"og:type\" content=\"article\" \/>\n<meta property=\"og:title\" content=\"Cookie Policy - The Castle - Krakow Accommodation and Guide\" \/>\n<meta property=\"og:description\" content=\"Cookie policy \u00a0 Cookies are small data files that are placed on your computer or mobile device when you visit a website. Cookies are widely used by website owners in order to make their websites work, or to work more &hellip; Read More\" \/>\n<meta property=\"og:url\" content=\"https:\/\/thecastle.com.pl\/de\/cookie-richtlinie\/\" \/>\n<meta property=\"og:site_name\" content=\"The Castle - Krakow Accommodation and Guide\" \/>\n<meta property=\"article:modified_time\" content=\"2025-04-15T15:12:10+00:00\" \/>\n<meta name=\"twitter:card\" content=\"summary_large_image\" \/>\n<meta name=\"twitter:label1\" content=\"Gesch\u00e4tzte Lesezeit\" \/>\n\t<meta name=\"twitter:data1\" content=\"1\u00a0Minute\" \/>\n<script type=\"application\/ld+json\" class=\"yoast-schema-graph\">{\"@context\":\"https:\/\/schema.org\",\"@graph\":[{\"@type\":\"WebPage\",\"@id\":\"https:\/\/thecastle.com.pl\/it\/politica-sui-cookie\/\",\"url\":\"https:\/\/thecastle.com.pl\/it\/politica-sui-cookie\/\",\"name\":\"Cookie Policy - The Castle - Krakow Accommodation and Guide\",\"isPartOf\":{\"@id\":\"https:\/\/thecastle.com.pl\/it\/#website\"},\"datePublished\":\"2023-04-15T18:00:38+00:00\",\"dateModified\":\"2025-04-15T15:12:10+00:00\",\"breadcrumb\":{\"@id\":\"https:\/\/thecastle.com.pl\/it\/politica-sui-cookie\/#breadcrumb\"},\"inLanguage\":\"de\",\"potentialAction\":[{\"@type\":\"ReadAction\",\"target\":[\"https:\/\/thecastle.com.pl\/it\/politica-sui-cookie\/\"]}]},{\"@type\":\"BreadcrumbList\",\"@id\":\"https:\/\/thecastle.com.pl\/it\/politica-sui-cookie\/#breadcrumb\",\"itemListElement\":[{\"@type\":\"ListItem\",\"position\":1,\"name\":\"Home\",\"item\":\"https:\/\/thecastle.com.pl\/it\/\"},{\"@type\":\"ListItem\",\"position\":2,\"name\":\"Cookie Policy\"}]},{\"@type\":\"WebSite\",\"@id\":\"https:\/\/thecastle.com.pl\/it\/#website\",\"url\":\"https:\/\/thecastle.com.pl\/it\/\",\"name\":\"The Castle - Krakow Accommodation and Guide\",\"description\":\"Your short-term stay in Krakow\",\"publisher\":{\"@id\":\"https:\/\/thecastle.com.pl\/it\/#organization\"},\"potentialAction\":[{\"@type\":\"SearchAction\",\"target\":{\"@type\":\"EntryPoint\",\"urlTemplate\":\"https:\/\/thecastle.com.pl\/it\/?s={search_term_string}\"},\"query-input\":{\"@type\":\"PropertyValueSpecification\",\"valueRequired\":true,\"valueName\":\"search_term_string\"}}],\"inLanguage\":\"de\"},{\"@type\":\"Organization\",\"@id\":\"https:\/\/thecastle.com.pl\/it\/#organization\",\"name\":\"The Castle - Krakow Accommodation and Guide\",\"url\":\"https:\/\/thecastle.com.pl\/it\/\",\"logo\":{\"@type\":\"ImageObject\",\"inLanguage\":\"de\",\"@id\":\"https:\/\/thecastle.com.pl\/it\/#\/schema\/logo\/image\/\",\"url\":\"https:\/\/thecastle.com.pl\/wp-content\/uploads\/2022\/08\/cropped-The-castle-suites-apartments_logo_2.jpg\",\"contentUrl\":\"https:\/\/thecastle.com.pl\/wp-content\/uploads\/2022\/08\/cropped-The-castle-suites-apartments_logo_2.jpg\",\"width\":1620,\"height\":1351,\"caption\":\"The Castle - Krakow Accommodation and Guide\"},\"image\":{\"@id\":\"https:\/\/thecastle.com.pl\/it\/#\/schema\/logo\/image\/\"}}]}<\/script>\n<!-- \/ Yoast SEO plugin. -->","yoast_head_json":{"title":"Cookie-Richtlinie - The Castle - Krakau Unterkunft und Reisef\u00fchrer","robots":{"index":"noindex","follow":"follow"},"og_locale":"de_DE","og_type":"article","og_title":"Cookie Policy - The Castle - Krakow Accommodation and Guide","og_description":"Cookie policy \u00a0 Cookies are small data files that are placed on your computer or mobile device when you visit a website. Cookies are widely used by website owners in order to make their websites work, or to work more &hellip; Read More","og_url":"https:\/\/thecastle.com.pl\/de\/cookie-richtlinie\/","og_site_name":"The Castle - Krakow Accommodation and Guide","article_modified_time":"2025-04-15T15:12:10+00:00","twitter_card":"summary_large_image","twitter_misc":{"Gesch\u00e4tzte Lesezeit":"1\u00a0Minute"},"schema":{"@context":"https:\/\/schema.org","@graph":[{"@type":"WebPage","@id":"https:\/\/thecastle.com.pl\/it\/politica-sui-cookie\/","url":"https:\/\/thecastle.com.pl\/it\/politica-sui-cookie\/","name":"Cookie-Richtlinie - The Castle - Krakau Unterkunft und Reisef\u00fchrer","isPartOf":{"@id":"https:\/\/thecastle.com.pl\/it\/#website"},"datePublished":"2023-04-15T18:00:38+00:00","dateModified":"2025-04-15T15:12:10+00:00","breadcrumb":{"@id":"https:\/\/thecastle.com.pl\/it\/politica-sui-cookie\/#breadcrumb"},"inLanguage":"de","potentialAction":[{"@type":"ReadAction","target":["https:\/\/thecastle.com.pl\/it\/politica-sui-cookie\/"]}]},{"@type":"BreadcrumbList","@id":"https:\/\/thecastle.com.pl\/it\/politica-sui-cookie\/#breadcrumb","itemListElement":[{"@type":"ListItem","position":1,"name":"Home","item":"https:\/\/thecastle.com.pl\/it\/"},{"@type":"ListItem","position":2,"name":"Cookie Policy"}]},{"@type":"WebSite","@id":"https:\/\/thecastle.com.pl\/it\/#website","url":"https:\/\/thecastle.com.pl\/it\/","name":"The Castle - Krakau Unterkunft und Reisef\u00fchrer","description":"Ihr Kurzaufenthalt in Krakau","publisher":{"@id":"https:\/\/thecastle.com.pl\/it\/#organization"},"potentialAction":[{"@type":"SearchAction","target":{"@type":"EntryPoint","urlTemplate":"https:\/\/thecastle.com.pl\/it\/?s={search_term_string}"},"query-input":{"@type":"PropertyValueSpecification","valueRequired":true,"valueName":"search_term_string"}}],"inLanguage":"de"},{"@type":"Organization","@id":"https:\/\/thecastle.com.pl\/it\/#organization","name":"The Castle - Krakau Unterkunft und Reisef\u00fchrer","url":"https:\/\/thecastle.com.pl\/it\/","logo":{"@type":"ImageObject","inLanguage":"de","@id":"https:\/\/thecastle.com.pl\/it\/#\/schema\/logo\/image\/","url":"https:\/\/thecastle.com.pl\/wp-content\/uploads\/2022\/08\/cropped-The-castle-suites-apartments_logo_2.jpg","contentUrl":"https:\/\/thecastle.com.pl\/wp-content\/uploads\/2022\/08\/cropped-The-castle-suites-apartments_logo_2.jpg","width":1620,"height":1351,"caption":"The Castle - Krakow Accommodation and Guide"},"image":{"@id":"https:\/\/thecastle.com.pl\/it\/#\/schema\/logo\/image\/"}}]}},"_links":{"self":[{"href":"https:\/\/thecastle.com.pl\/de\/wp-json\/wp\/v2\/pages\/5631","targetHints":{"allow":["GET"]}}],"collection":[{"href":"https:\/\/thecastle.com.pl\/de\/wp-json\/wp\/v2\/pages"}],"about":[{"href":"https:\/\/thecastle.com.pl\/de\/wp-json\/wp\/v2\/types\/page"}],"author":[{"embeddable":true,"href":"https:\/\/thecastle.com.pl\/de\/wp-json\/wp\/v2\/users\/1"}],"replies":[{"embeddable":true,"href":"https:\/\/thecastle.com.pl\/de\/wp-json\/wp\/v2\/comments?post=5631"}],"version-history":[{"count":5,"href":"https:\/\/thecastle.com.pl\/de\/wp-json\/wp\/v2\/pages\/5631\/revisions"}],"predecessor-version":[{"id":15776,"href":"https:\/\/thecastle.com.pl\/de\/wp-json\/wp\/v2\/pages\/5631\/revisions\/15776"}],"wp:attachment":[{"href":"https:\/\/thecastle.com.pl\/de\/wp-json\/wp\/v2\/media?parent=5631"}],"curies":[{"name":"wp","href":"https:\/\/api.w.org\/{rel}","templated":true}]}}