{"id":7,"date":"2022-08-01T11:50:31","date_gmt":"2022-08-01T11:50:31","guid":{"rendered":"http:\/\/thecastle.onpressidium.com\/?page_id=3"},"modified":"2025-08-24T13:46:35","modified_gmt":"2025-08-24T13:46:35","slug":"datenschutzerklarung","status":"publish","type":"page","link":"https:\/\/thecastle.com.pl\/de\/datenschutzerklarung\/","title":{"rendered":"Datenschutzbestimmungen"},"content":{"rendered":"<div data-elementor-type=\"wp-page\" data-elementor-id=\"7\" class=\"elementor elementor-7\">\n\t\t\t\t\t\t<section class=\"elementor-section elementor-top-section elementor-element elementor-element-76df1a28 elementor-section-boxed elementor-section-height-default elementor-section-height-default\" data-id=\"76df1a28\" data-element_type=\"section\">\n\t\t\t\t\t\t<div class=\"elementor-container elementor-column-gap-default\">\n\t\t\t\t\t<div class=\"elementor-column elementor-col-100 elementor-top-column elementor-element elementor-element-73d87b81\" data-id=\"73d87b81\" data-element_type=\"column\">\n\t\t\t<div class=\"elementor-widget-wrap elementor-element-populated\">\n\t\t\t\t\t\t<div class=\"elementor-element elementor-element-5b320154 elementor-widget elementor-widget-text-editor\" data-id=\"5b320154\" data-element_type=\"widget\" data-widget_type=\"text-editor.default\">\n\t\t\t\t<div class=\"elementor-widget-container\">\n\t\t\t\t\t\t\t\t\t<p><\/p>\n<h3>Datenschutzerkl\u00e4rung<\/h3>\n<p><\/p>\n<p>Diese Datenschutzerkl\u00e4rung erl\u00e4utert, wie thecastle.com.pl Ihre personenbezogenen Daten verwendet und verarbeitet. Thecastle.com.pl kann auch als \"wir\", \"uns\", \"unser\" oder \"die Website\" bezeichnet werden.<\/p>\n<p><\/p>\n<p><\/p>\n<h2 class=\"wp-block-heading\">Wer ist f\u00fcr die Kontrolle und Verarbeitung personenbezogener Daten verantwortlich?<\/h2>\n<p><\/p>\n<p><\/p>\n<p>Der Verantwortliche f\u00fcr die \u00fcber die Website gesammelten personenbezogenen Daten ist Fancy Life Sp. zo.o., Adama Habeli 12, 30-898 Krakau, NIP: 6793266864.<\/p>\n<p><\/p>\n<p><\/p>\n<p><\/p>\n<p><\/p>\n<h2 class=\"wp-block-heading\">Welche Daten sammeln wir und warum?<\/h2>\n<p><\/p>\n<p><\/p>\n<p>Wir erheben und verwenden Ihre Daten f\u00fcr verschiedene Zwecke, wenn Sie unsere Website nutzen.<\/p><p><!-- \/wp:list-item --><\/p>\n<p><!-- \/wp:list-item --><\/p>\n<p><!-- wp:list-item --><\/p>\n<p><!-- \/wp:list-item --><\/p>\n<p><!-- \/wp:paragraph --><\/p>\n<p><!-- wp:heading {\"level\":3} --><\/p>\n<h3>Live-Chat<\/h3>\n<p><!-- \/wp:heading --><\/p>\n<p><!-- wp:paragraph --><\/p>\n<p>Wir bieten eine Live-Chat-Funktion an, um den Kundenservice zu erleichtern. Die im Live-Chat aufgezeichneten Daten werden auf der von Tidio.com bereitgestellten Live-Chat-Plattform gespeichert. Als Datenverarbeiter fungiert Tidio Poland Sp. z o.o. mit Sitz in Szczecin, Wojska Polskiego Stra\u00dfe 81 (70-481, Szczecin, Polen). Dies ist ihr <a href=\"https:\/\/www.tidio.com\/privacy-policy\/\" target=\"_blank\" rel=\"noreferrer noopener\">Datenschutzerkl\u00e4rung<\/a>.<\/p>\n<p><!-- \/wp:paragraph --><\/p>\n<p><!-- wp:paragraph --><\/p>\n<p>Damit wir Ihnen w\u00e4hrend des Live-Chats helfen k\u00f6nnen, erheben wir unter Umst\u00e4nden Kontaktinformationen, z. B. Ihren Namen und Ihre E-Mail-Adresse. Wir werden Sie niemals nach sensiblen Informationen wie Kreditkartendaten fragen.<\/p>\n<p><!-- \/wp:paragraph --><\/p>\n<p><!-- wp:heading {\"level\":3} --><\/p>\n<h3>Kontakt-Formular<\/h3>\n<p><!-- \/wp:heading --><\/p>\n<p><!-- wp:paragraph --><\/p>\n<p>Wenn Sie uns \u00fcber unser Kontaktformular kontaktieren, erheben wir die folgenden personenbezogenen Daten:<\/p>\n<ol>\n<li>Vorname und Nachname<\/li>\n<li>E-Mail Adresse<\/li>\n<\/ol>\n<p><!-- \/wp:paragraph --><\/p>\n<p><!-- wp:list {\"ordered\":true} --><\/p>\n<ol>\n<li style=\"list-style-type: none;\">\n<ol><!-- wp:list-item --><\/ol>\n<\/li>\n<\/ol>\n<p><!-- \/wp:list-item --><\/p>\n<p><!-- wp:list-item --><\/p>\n<p><!-- \/wp:list-item --><\/p>\n<p><!-- \/wp:list --><\/p>\n<p><!-- wp:paragraph --><\/p>\n<p>Wir verwenden diese Informationen, um mit Ihnen zu kommunizieren und Ihre Anfrage zu beantworten.<\/p>\n<h3>Formular f\u00fcr die Anmeldung<\/h3>\n<p>Wenn Sie sich auf unseren Blog-Seiten anmelden, um Updates von uns zu erhalten, erfassen wir die folgenden personenbezogenen Daten:<\/p>\n<ol>\n<li><span style=\"color: inherit; font-family: inherit; font-size: inherit; font-style: inherit; font-weight: inherit;\">Vornamen<\/span><\/li>\n<li><span style=\"color: inherit; font-family: inherit; font-size: inherit; font-style: inherit; font-weight: inherit;\">E-Mail Adresse<\/span><\/li>\n<\/ol>\n<p>Wir verwenden diese Informationen, um Sie zu informieren, wenn wir einen neuen Beitrag in unserem Blog ver\u00f6ffentlichen und um Ihnen exklusive Rabatte f\u00fcr kurz- und mittelfristige Vermietungen in unserem Haus zukommen zu lassen. Sie k\u00f6nnen sich jederzeit wieder abmelden.<\/p>\n<p><!-- \/wp:paragraph --><\/p>\n<p><!-- wp:heading --><\/p>\n<h2>Mit wem wir Ihre Daten teilen<\/h2>\n<p><!-- \/wp:heading --><\/p>\n<p><!-- wp:paragraph --><\/p>\n<p>Ihre pers\u00f6nlichen Daten sind nur f\u00fcr unsere Mitarbeiter zug\u00e4nglich und werden verwendet, um Ihre Anfragen zu bearbeiten und Ihnen die Dienstleistungen zu erbringen, die Sie mit uns vereinbart haben.<\/p>\n<p><!-- \/wp:paragraph --><\/p>\n<p><!-- wp:heading --><\/p>\n<h2>Cookies<\/h2>\n<p><!-- \/wp:heading --><\/p>\n<p><!-- wp:paragraph --><\/p>\n<p>Cookies sind kleine Datendateien, die auf Ihrem Computer oder Mobilger\u00e4t gespeichert werden, wenn Sie eine Website besuchen. Cookies werden von Website-Besitzern h\u00e4ufig verwendet, um ihre Websites funktionsf\u00e4hig zu machen oder effizienter zu gestalten sowie um Berichtsinformationen bereitzustellen. Wie und warum wir Cookies verwenden, erfahren Sie in unserem <a href=\"https:\/\/thecastle.com.pl\/de\/cookie-richtlinie\/\">Cookie-Richtlinie<\/a>.<\/p>\n<h2>Ihre Rechte<\/h2>\n<p class=\"p1\">Sie haben das Recht, auf den Inhalt der Daten zuzugreifen und diese zu berichtigen. Dar\u00fcber hinaus haben Sie das Recht, Ihre Einwilligung jederzeit zu widerrufen, das Recht auf L\u00f6schung der Daten und das Recht auf Vergessenwerden im Falle der Verarbeitung personenbezogener Daten zu Marketingzwecken.<\/p>\n<p><!-- \/wp:paragraph --><\/p>\n<p><!-- wp:heading --><\/p>\n<h2>Verantwortlicher f\u00fcr die Datenverarbeitung<\/h2>\n<p><!-- \/wp:heading --><\/p>\n<p><!-- wp:paragraph --><\/p>\n<p>Wenn Sie Fragen zu dieser Datenschutzrichtlinie haben, senden Sie bitte eine E-Mail an info@thecastle.com.pl.<\/p>\n<p><!-- \/wp:paragraph --><\/p>\t\t\t\t\t\t\t\t<\/div>\n\t\t\t\t<\/div>\n\t\t\t\t\t<\/div>\n\t\t<\/div>\n\t\t\t\t\t<\/div>\n\t\t<\/section>\n\t\t\t\t<\/div>","protected":false},"excerpt":{"rendered":"<p>Datenschutzerkl\u00e4rung Diese Datenschutzerkl\u00e4rung erl\u00e4utert, wie thecastle.com.pl Ihre pers\u00f6nlichen Daten nutzt und verarbeitet. Thecastle.com.pl kann auch als 'wir', 'uns', 'unser' oder 'die Website' bezeichnet werden. Wer ist f\u00fcr die Kontrolle und Verarbeitung personenbezogener Daten verantwortlich? Der f\u00fcr die Verarbeitung personenbezogener Daten Verantwortliche ... <a href=\"https:\/\/thecastle.com.pl\/de\/datenschutzerklarung\/\">Mehr lesen<\/a><\/p>","protected":false},"author":1,"featured_media":0,"parent":0,"menu_order":0,"comment_status":"closed","ping_status":"open","template":"","meta":{"footnotes":""},"class_list":["post-7","page","type-page","status-publish","hentry"],"yoast_head":"<!-- This site is optimized with the Yoast SEO plugin v25.5 - https:\/\/yoast.com\/wordpress\/plugins\/seo\/ -->\n<title>Privacy Policy - The Castle - Krakow Accommodation and Guide<\/title>\n<meta name=\"robots\" content=\"index, follow, max-snippet:-1, max-image-preview:large, max-video-preview:-1\" \/>\n<link rel=\"canonical\" href=\"https:\/\/thecastle.com.pl\/de\/datenschutzerklarung\/\" \/>\n<meta property=\"og:locale\" content=\"de_DE\" \/>\n<meta property=\"og:type\" content=\"article\" \/>\n<meta property=\"og:title\" content=\"Privacy Policy - The Castle - Krakow Accommodation and Guide\" \/>\n<meta property=\"og:description\" content=\"Privacy policy This privacy policy explains how thecastle.com.pl uses and processes your personal data. Thecastle.com.pl may also be referred to as &#8216;we&#8217;, &#8216;us&#8217;, &#8216;our&#8217; or &#8216;the website&#8217;. Who is responsible for controlling and processing personal data? The controller of personal &hellip; Read More\" \/>\n<meta property=\"og:url\" content=\"https:\/\/thecastle.com.pl\/de\/datenschutzerklarung\/\" \/>\n<meta property=\"og:site_name\" content=\"The Castle - Krakow Accommodation and Guide\" \/>\n<meta property=\"article:modified_time\" content=\"2025-08-24T13:46:35+00:00\" \/>\n<meta name=\"twitter:card\" content=\"summary_large_image\" \/>\n<meta name=\"twitter:label1\" content=\"Gesch\u00e4tzte Lesezeit\" \/>\n\t<meta name=\"twitter:data1\" content=\"2\u00a0Minuten\" \/>\n<script type=\"application\/ld+json\" class=\"yoast-schema-graph\">{\"@context\":\"https:\/\/schema.org\",\"@graph\":[{\"@type\":\"WebPage\",\"@id\":\"https:\/\/thecastle.com.pl\/en\/privacy-policy\/\",\"url\":\"https:\/\/thecastle.com.pl\/en\/privacy-policy\/\",\"name\":\"Privacy Policy - The Castle - Krakow Accommodation and Guide\",\"isPartOf\":{\"@id\":\"https:\/\/thecastle.com.pl\/it\/#website\"},\"datePublished\":\"2022-08-01T11:50:31+00:00\",\"dateModified\":\"2025-08-24T13:46:35+00:00\",\"breadcrumb\":{\"@id\":\"https:\/\/thecastle.com.pl\/en\/privacy-policy\/#breadcrumb\"},\"inLanguage\":\"de\",\"potentialAction\":[{\"@type\":\"ReadAction\",\"target\":[\"https:\/\/thecastle.com.pl\/en\/privacy-policy\/\"]}]},{\"@type\":\"BreadcrumbList\",\"@id\":\"https:\/\/thecastle.com.pl\/en\/privacy-policy\/#breadcrumb\",\"itemListElement\":[{\"@type\":\"ListItem\",\"position\":1,\"name\":\"Home\",\"item\":\"https:\/\/thecastle.com.pl\/it\/\"},{\"@type\":\"ListItem\",\"position\":2,\"name\":\"Privacy Policy\"}]},{\"@type\":\"WebSite\",\"@id\":\"https:\/\/thecastle.com.pl\/it\/#website\",\"url\":\"https:\/\/thecastle.com.pl\/it\/\",\"name\":\"The Castle - Krakow Accommodation and Guide\",\"description\":\"Your short-term stay in Krakow\",\"publisher\":{\"@id\":\"https:\/\/thecastle.com.pl\/it\/#organization\"},\"potentialAction\":[{\"@type\":\"SearchAction\",\"target\":{\"@type\":\"EntryPoint\",\"urlTemplate\":\"https:\/\/thecastle.com.pl\/it\/?s={search_term_string}\"},\"query-input\":{\"@type\":\"PropertyValueSpecification\",\"valueRequired\":true,\"valueName\":\"search_term_string\"}}],\"inLanguage\":\"de\"},{\"@type\":\"Organization\",\"@id\":\"https:\/\/thecastle.com.pl\/it\/#organization\",\"name\":\"The Castle - Krakow Accommodation and Guide\",\"url\":\"https:\/\/thecastle.com.pl\/it\/\",\"logo\":{\"@type\":\"ImageObject\",\"inLanguage\":\"de\",\"@id\":\"https:\/\/thecastle.com.pl\/it\/#\/schema\/logo\/image\/\",\"url\":\"https:\/\/thecastle.com.pl\/wp-content\/uploads\/2022\/08\/cropped-The-castle-suites-apartments_logo_2.jpg\",\"contentUrl\":\"https:\/\/thecastle.com.pl\/wp-content\/uploads\/2022\/08\/cropped-The-castle-suites-apartments_logo_2.jpg\",\"width\":1620,\"height\":1351,\"caption\":\"The Castle - Krakow Accommodation and Guide\"},\"image\":{\"@id\":\"https:\/\/thecastle.com.pl\/it\/#\/schema\/logo\/image\/\"}}]}<\/script>\n<!-- \/ Yoast SEO plugin. -->","yoast_head_json":{"title":"Datenschutz - The Castle - Krakau Unterkunft und Reisef\u00fchrer","robots":{"index":"index","follow":"follow","max-snippet":"max-snippet:-1","max-image-preview":"max-image-preview:large","max-video-preview":"max-video-preview:-1"},"canonical":"https:\/\/thecastle.com.pl\/de\/datenschutzerklarung\/","og_locale":"de_DE","og_type":"article","og_title":"Privacy Policy - The Castle - Krakow Accommodation and Guide","og_description":"Privacy policy This privacy policy explains how thecastle.com.pl uses and processes your personal data. Thecastle.com.pl may also be referred to as &#8216;we&#8217;, &#8216;us&#8217;, &#8216;our&#8217; or &#8216;the website&#8217;. Who is responsible for controlling and processing personal data? The controller of personal &hellip; Read More","og_url":"https:\/\/thecastle.com.pl\/de\/datenschutzerklarung\/","og_site_name":"The Castle - Krakow Accommodation and Guide","article_modified_time":"2025-08-24T13:46:35+00:00","twitter_card":"summary_large_image","twitter_misc":{"Gesch\u00e4tzte Lesezeit":"2\u00a0Minuten"},"schema":{"@context":"https:\/\/schema.org","@graph":[{"@type":"WebPage","@id":"https:\/\/thecastle.com.pl\/en\/privacy-policy\/","url":"https:\/\/thecastle.com.pl\/en\/privacy-policy\/","name":"Datenschutz - The Castle - Krakau Unterkunft und Reisef\u00fchrer","isPartOf":{"@id":"https:\/\/thecastle.com.pl\/it\/#website"},"datePublished":"2022-08-01T11:50:31+00:00","dateModified":"2025-08-24T13:46:35+00:00","breadcrumb":{"@id":"https:\/\/thecastle.com.pl\/en\/privacy-policy\/#breadcrumb"},"inLanguage":"de","potentialAction":[{"@type":"ReadAction","target":["https:\/\/thecastle.com.pl\/en\/privacy-policy\/"]}]},{"@type":"BreadcrumbList","@id":"https:\/\/thecastle.com.pl\/en\/privacy-policy\/#breadcrumb","itemListElement":[{"@type":"ListItem","position":1,"name":"Home","item":"https:\/\/thecastle.com.pl\/it\/"},{"@type":"ListItem","position":2,"name":"Privacy Policy"}]},{"@type":"WebSite","@id":"https:\/\/thecastle.com.pl\/it\/#website","url":"https:\/\/thecastle.com.pl\/it\/","name":"The Castle - Krakau Unterkunft und Reisef\u00fchrer","description":"Ihr Kurzaufenthalt in Krakau","publisher":{"@id":"https:\/\/thecastle.com.pl\/it\/#organization"},"potentialAction":[{"@type":"SearchAction","target":{"@type":"EntryPoint","urlTemplate":"https:\/\/thecastle.com.pl\/it\/?s={search_term_string}"},"query-input":{"@type":"PropertyValueSpecification","valueRequired":true,"valueName":"search_term_string"}}],"inLanguage":"de"},{"@type":"Organization","@id":"https:\/\/thecastle.com.pl\/it\/#organization","name":"The Castle - Krakau Unterkunft und Reisef\u00fchrer","url":"https:\/\/thecastle.com.pl\/it\/","logo":{"@type":"ImageObject","inLanguage":"de","@id":"https:\/\/thecastle.com.pl\/it\/#\/schema\/logo\/image\/","url":"https:\/\/thecastle.com.pl\/wp-content\/uploads\/2022\/08\/cropped-The-castle-suites-apartments_logo_2.jpg","contentUrl":"https:\/\/thecastle.com.pl\/wp-content\/uploads\/2022\/08\/cropped-The-castle-suites-apartments_logo_2.jpg","width":1620,"height":1351,"caption":"The Castle - Krakow Accommodation and Guide"},"image":{"@id":"https:\/\/thecastle.com.pl\/it\/#\/schema\/logo\/image\/"}}]}},"_links":{"self":[{"href":"https:\/\/thecastle.com.pl\/de\/wp-json\/wp\/v2\/pages\/7","targetHints":{"allow":["GET"]}}],"collection":[{"href":"https:\/\/thecastle.com.pl\/de\/wp-json\/wp\/v2\/pages"}],"about":[{"href":"https:\/\/thecastle.com.pl\/de\/wp-json\/wp\/v2\/types\/page"}],"author":[{"embeddable":true,"href":"https:\/\/thecastle.com.pl\/de\/wp-json\/wp\/v2\/users\/1"}],"replies":[{"embeddable":true,"href":"https:\/\/thecastle.com.pl\/de\/wp-json\/wp\/v2\/comments?post=7"}],"version-history":[{"count":5,"href":"https:\/\/thecastle.com.pl\/de\/wp-json\/wp\/v2\/pages\/7\/revisions"}],"predecessor-version":[{"id":16162,"href":"https:\/\/thecastle.com.pl\/de\/wp-json\/wp\/v2\/pages\/7\/revisions\/16162"}],"wp:attachment":[{"href":"https:\/\/thecastle.com.pl\/de\/wp-json\/wp\/v2\/media?parent=7"}],"curies":[{"name":"wp","href":"https:\/\/api.w.org\/{rel}","templated":true}]}}