{"id":5631,"date":"2023-04-15T18:00:38","date_gmt":"2023-04-15T18:00:38","guid":{"rendered":"https:\/\/thecastle.com.pl\/?page_id=5631"},"modified":"2025-04-15T15:12:10","modified_gmt":"2025-04-15T15:12:10","slug":"politica-de-cookies","status":"publish","type":"page","link":"https:\/\/thecastle.com.pl\/es\/politica-de-cookies\/","title":{"rendered":"Pol\u00edtica de cookies"},"content":{"rendered":"<div data-elementor-type=\"wp-page\" data-elementor-id=\"5631\" class=\"elementor elementor-5631\">\n\t\t\t\t\t\t<section class=\"elementor-section elementor-top-section elementor-element elementor-element-76df1a28 elementor-section-boxed elementor-section-height-default elementor-section-height-default\" data-id=\"76df1a28\" data-element_type=\"section\">\n\t\t\t\t\t\t<div class=\"elementor-container elementor-column-gap-default\">\n\t\t\t\t\t<div class=\"elementor-column elementor-col-100 elementor-top-column elementor-element elementor-element-73d87b81\" data-id=\"73d87b81\" data-element_type=\"column\">\n\t\t\t<div class=\"elementor-widget-wrap elementor-element-populated\">\n\t\t\t\t\t\t<div class=\"elementor-element elementor-element-5b320154 elementor-widget elementor-widget-text-editor\" data-id=\"5b320154\" data-element_type=\"widget\" data-widget_type=\"text-editor.default\">\n\t\t\t\t<div class=\"elementor-widget-container\">\n\t\t\t\t\t\t\t\t\t<p><\/p>\n<h1>Pol\u00edtica de cookies<\/h1>\n<p>\u00a0<\/p>\n<p><span style=\"color: inherit; font-family: inherit; font-size: inherit; font-style: inherit; font-weight: inherit;\">Las cookies son peque\u00f1os archivos de datos que se guardan en tu ordenador o dispositivo m\u00f3vil cuando visitas una p\u00e1gina web. Los propietarios de las p\u00e1ginas web las utilizan ampliamente para que sus p\u00e1ginas funcionen correctamente o de manera m\u00e1s eficiente, as\u00ed como para proporcionar informaci\u00f3n para su an\u00e1lisis.\u00a0<\/span><\/p>\n<h2><span style=\"color: inherit; font-family: inherit; font-size: inherit; font-style: inherit; font-weight: inherit;\">\u00bfQu\u00e9 informaci\u00f3n recopilan las cookies?<\/span><\/h2>\n<p>En nuestra p\u00e1gina web, las cookies recopilan informaci\u00f3n que incluye:<\/p>\n<ul>\n<li>\n<p>Direcci\u00f3n IP<\/p>\n<\/li>\n<li>\n<p>P\u00e1ginas visitadas<\/p>\n<\/li>\n<li>\n<p>Tipo de navegador<\/p>\n<\/li>\n<li>\n<p>Informaci\u00f3n de navegaci\u00f3n<\/p>\n<\/li>\n<li>\n<p>Sistema operativo<\/p>\n<\/li>\n<li>\n<p>URL de referencia<\/p>\n<\/li>\n<li>\n<p>Tiempo transcurrido en nuestra p\u00e1gina web<\/p>\n<\/li>\n<\/ul>\n<h2>\u00bfC\u00f3mo se utilizan las cookies?<\/h2>\n<p>Utilizamos Google Analytics para realizar an\u00e1lisis estad\u00edsticos del uso de las p\u00e1ginas, interacciones en las p\u00e1ginas y recorridos a trav\u00e9s del sitio web para evaluar y desarrollar nuestra p\u00e1gina web. Esto se conoce como \"anal\u00edtica digital\". Tambi\u00e9n podemos registrar cierta informaci\u00f3n que los clientes proporcionen durante una compra en el sitio web u otro proceso.<\/p>\n<p>Esta informaci\u00f3n nos permite comprender de manera m\u00e1s precisa los comportamientos y necesidades individuales. Para obtener m\u00e1s informaci\u00f3n sobre c\u00f3mo Google utiliza los datos recopilados a trav\u00e9s de este servicio, consulta aqu\u00ed:\u00a0<a class=\"atds-link\" href=\"http:\/\/www.google.com\/policies\/privacy\/partners\/\" target=\"_blank\" rel=\"nofollow noopener noreferrer\">http:\/\/www.google.com\/policies\/privacy\/partners\/<\/a><\/p>\n<p>Para no ser rastreado a trav\u00e9s de Google Analytics, tambi\u00e9n puedes utilizar el complemento del navegador para optar por no participar de Google:\u00a0<a class=\"atds-link\" href=\"https:\/\/tools.google.com\/dlpage\/gaoptout\" target=\"_blank\" rel=\"nofollow noopener noreferrer\">https:\/\/tools.google.com\/dlpage\/gaoptout<\/a><\/p>\n<p><\/p>\t\t\t\t\t\t\t\t<\/div>\n\t\t\t\t<\/div>\n\t\t\t\t\t<\/div>\n\t\t<\/div>\n\t\t\t\t\t<\/div>\n\t\t<\/section>\n\t\t\t\t<\/div>","protected":false},"excerpt":{"rendered":"<p>Pol\u00edtica de cookies Las cookies son peque\u00f1os archivos de datos que se colocan en su ordenador o dispositivo m\u00f3vil cuando visita un sitio web. Los propietarios de sitios web utilizan ampliamente las cookies para que sus sitios web funcionen, o para que funcionen m\u00e1s... <a href=\"https:\/\/thecastle.com.pl\/es\/politica-de-cookies\/\">Seguir leyendo<\/a><\/p>","protected":false},"author":1,"featured_media":0,"parent":0,"menu_order":0,"comment_status":"closed","ping_status":"open","template":"","meta":{"footnotes":""},"class_list":["post-5631","page","type-page","status-publish","hentry"],"yoast_head":"<!-- This site is optimized with the Yoast SEO plugin v25.5 - https:\/\/yoast.com\/wordpress\/plugins\/seo\/ -->\n<title>Cookie Policy - The Castle - Krakow Accommodation and Guide<\/title>\n<meta name=\"robots\" content=\"noindex, follow\" \/>\n<meta property=\"og:locale\" content=\"es_ES\" \/>\n<meta property=\"og:type\" content=\"article\" \/>\n<meta property=\"og:title\" content=\"Cookie Policy - The Castle - Krakow Accommodation and Guide\" \/>\n<meta property=\"og:description\" content=\"Cookie policy \u00a0 Cookies are small data files that are placed on your computer or mobile device when you visit a website. Cookies are widely used by website owners in order to make their websites work, or to work more &hellip; Read More\" \/>\n<meta property=\"og:url\" content=\"https:\/\/thecastle.com.pl\/es\/politica-de-cookies\/\" \/>\n<meta property=\"og:site_name\" content=\"The Castle - Krakow Accommodation and Guide\" \/>\n<meta property=\"article:modified_time\" content=\"2025-04-15T15:12:10+00:00\" \/>\n<meta name=\"twitter:card\" content=\"summary_large_image\" \/>\n<meta name=\"twitter:label1\" content=\"Tiempo de lectura\" \/>\n\t<meta name=\"twitter:data1\" content=\"1 minuto\" \/>\n<script type=\"application\/ld+json\" class=\"yoast-schema-graph\">{\"@context\":\"https:\/\/schema.org\",\"@graph\":[{\"@type\":\"WebPage\",\"@id\":\"https:\/\/thecastle.com.pl\/it\/politica-sui-cookie\/\",\"url\":\"https:\/\/thecastle.com.pl\/it\/politica-sui-cookie\/\",\"name\":\"Cookie Policy - The Castle - Krakow Accommodation and Guide\",\"isPartOf\":{\"@id\":\"https:\/\/thecastle.com.pl\/it\/#website\"},\"datePublished\":\"2023-04-15T18:00:38+00:00\",\"dateModified\":\"2025-04-15T15:12:10+00:00\",\"breadcrumb\":{\"@id\":\"https:\/\/thecastle.com.pl\/it\/politica-sui-cookie\/#breadcrumb\"},\"inLanguage\":\"es\",\"potentialAction\":[{\"@type\":\"ReadAction\",\"target\":[\"https:\/\/thecastle.com.pl\/it\/politica-sui-cookie\/\"]}]},{\"@type\":\"BreadcrumbList\",\"@id\":\"https:\/\/thecastle.com.pl\/it\/politica-sui-cookie\/#breadcrumb\",\"itemListElement\":[{\"@type\":\"ListItem\",\"position\":1,\"name\":\"Home\",\"item\":\"https:\/\/thecastle.com.pl\/it\/\"},{\"@type\":\"ListItem\",\"position\":2,\"name\":\"Cookie Policy\"}]},{\"@type\":\"WebSite\",\"@id\":\"https:\/\/thecastle.com.pl\/it\/#website\",\"url\":\"https:\/\/thecastle.com.pl\/it\/\",\"name\":\"The Castle - Krakow Accommodation and Guide\",\"description\":\"Your short-term stay in Krakow\",\"publisher\":{\"@id\":\"https:\/\/thecastle.com.pl\/it\/#organization\"},\"potentialAction\":[{\"@type\":\"SearchAction\",\"target\":{\"@type\":\"EntryPoint\",\"urlTemplate\":\"https:\/\/thecastle.com.pl\/it\/?s={search_term_string}\"},\"query-input\":{\"@type\":\"PropertyValueSpecification\",\"valueRequired\":true,\"valueName\":\"search_term_string\"}}],\"inLanguage\":\"es\"},{\"@type\":\"Organization\",\"@id\":\"https:\/\/thecastle.com.pl\/it\/#organization\",\"name\":\"The Castle - Krakow Accommodation and Guide\",\"url\":\"https:\/\/thecastle.com.pl\/it\/\",\"logo\":{\"@type\":\"ImageObject\",\"inLanguage\":\"es\",\"@id\":\"https:\/\/thecastle.com.pl\/it\/#\/schema\/logo\/image\/\",\"url\":\"https:\/\/thecastle.com.pl\/wp-content\/uploads\/2022\/08\/cropped-The-castle-suites-apartments_logo_2.jpg\",\"contentUrl\":\"https:\/\/thecastle.com.pl\/wp-content\/uploads\/2022\/08\/cropped-The-castle-suites-apartments_logo_2.jpg\",\"width\":1620,\"height\":1351,\"caption\":\"The Castle - Krakow Accommodation and Guide\"},\"image\":{\"@id\":\"https:\/\/thecastle.com.pl\/it\/#\/schema\/logo\/image\/\"}}]}<\/script>\n<!-- \/ Yoast SEO plugin. -->","yoast_head_json":{"title":"Pol\u00edtica de cookies - The Castle - Cracovia Alojamiento y Gu\u00eda","robots":{"index":"noindex","follow":"follow"},"og_locale":"es_ES","og_type":"article","og_title":"Cookie Policy - The Castle - Krakow Accommodation and Guide","og_description":"Cookie policy \u00a0 Cookies are small data files that are placed on your computer or mobile device when you visit a website. Cookies are widely used by website owners in order to make their websites work, or to work more &hellip; Read More","og_url":"https:\/\/thecastle.com.pl\/es\/politica-de-cookies\/","og_site_name":"The Castle - Krakow Accommodation and Guide","article_modified_time":"2025-04-15T15:12:10+00:00","twitter_card":"summary_large_image","twitter_misc":{"Tiempo de lectura":"1 minuto"},"schema":{"@context":"https:\/\/schema.org","@graph":[{"@type":"WebPage","@id":"https:\/\/thecastle.com.pl\/it\/politica-sui-cookie\/","url":"https:\/\/thecastle.com.pl\/it\/politica-sui-cookie\/","name":"Pol\u00edtica de cookies - The Castle - Cracovia Alojamiento y Gu\u00eda","isPartOf":{"@id":"https:\/\/thecastle.com.pl\/it\/#website"},"datePublished":"2023-04-15T18:00:38+00:00","dateModified":"2025-04-15T15:12:10+00:00","breadcrumb":{"@id":"https:\/\/thecastle.com.pl\/it\/politica-sui-cookie\/#breadcrumb"},"inLanguage":"es","potentialAction":[{"@type":"ReadAction","target":["https:\/\/thecastle.com.pl\/it\/politica-sui-cookie\/"]}]},{"@type":"BreadcrumbList","@id":"https:\/\/thecastle.com.pl\/it\/politica-sui-cookie\/#breadcrumb","itemListElement":[{"@type":"ListItem","position":1,"name":"Home","item":"https:\/\/thecastle.com.pl\/it\/"},{"@type":"ListItem","position":2,"name":"Cookie Policy"}]},{"@type":"WebSite","@id":"https:\/\/thecastle.com.pl\/it\/#website","url":"https:\/\/thecastle.com.pl\/it\/","name":"The Castle - Alojamiento y Gu\u00eda de Cracovia","description":"Estancia breve en Cracovia","publisher":{"@id":"https:\/\/thecastle.com.pl\/it\/#organization"},"potentialAction":[{"@type":"SearchAction","target":{"@type":"EntryPoint","urlTemplate":"https:\/\/thecastle.com.pl\/it\/?s={search_term_string}"},"query-input":{"@type":"PropertyValueSpecification","valueRequired":true,"valueName":"search_term_string"}}],"inLanguage":"es"},{"@type":"Organization","@id":"https:\/\/thecastle.com.pl\/it\/#organization","name":"The Castle - Alojamiento y Gu\u00eda de Cracovia","url":"https:\/\/thecastle.com.pl\/it\/","logo":{"@type":"ImageObject","inLanguage":"es","@id":"https:\/\/thecastle.com.pl\/it\/#\/schema\/logo\/image\/","url":"https:\/\/thecastle.com.pl\/wp-content\/uploads\/2022\/08\/cropped-The-castle-suites-apartments_logo_2.jpg","contentUrl":"https:\/\/thecastle.com.pl\/wp-content\/uploads\/2022\/08\/cropped-The-castle-suites-apartments_logo_2.jpg","width":1620,"height":1351,"caption":"The Castle - Krakow Accommodation and Guide"},"image":{"@id":"https:\/\/thecastle.com.pl\/it\/#\/schema\/logo\/image\/"}}]}},"_links":{"self":[{"href":"https:\/\/thecastle.com.pl\/es\/wp-json\/wp\/v2\/pages\/5631","targetHints":{"allow":["GET"]}}],"collection":[{"href":"https:\/\/thecastle.com.pl\/es\/wp-json\/wp\/v2\/pages"}],"about":[{"href":"https:\/\/thecastle.com.pl\/es\/wp-json\/wp\/v2\/types\/page"}],"author":[{"embeddable":true,"href":"https:\/\/thecastle.com.pl\/es\/wp-json\/wp\/v2\/users\/1"}],"replies":[{"embeddable":true,"href":"https:\/\/thecastle.com.pl\/es\/wp-json\/wp\/v2\/comments?post=5631"}],"version-history":[{"count":5,"href":"https:\/\/thecastle.com.pl\/es\/wp-json\/wp\/v2\/pages\/5631\/revisions"}],"predecessor-version":[{"id":15776,"href":"https:\/\/thecastle.com.pl\/es\/wp-json\/wp\/v2\/pages\/5631\/revisions\/15776"}],"wp:attachment":[{"href":"https:\/\/thecastle.com.pl\/es\/wp-json\/wp\/v2\/media?parent=5631"}],"curies":[{"name":"wp","href":"https:\/\/api.w.org\/{rel}","templated":true}]}}