{"id":6215,"date":"2023-04-25T17:19:51","date_gmt":"2023-04-25T17:19:51","guid":{"rendered":"https:\/\/thecastle.com.pl\/?page_id=6215"},"modified":"2023-04-25T17:29:16","modified_gmt":"2023-04-25T17:29:16","slug":"condiciones-de-estancia","status":"publish","type":"page","link":"https:\/\/thecastle.com.pl\/es\/condiciones-de-estancia\/","title":{"rendered":"Nuestros t\u00e9rminos de estancia"},"content":{"rendered":"<div data-elementor-type=\"wp-page\" data-elementor-id=\"6215\" class=\"elementor elementor-6215\">\n\t\t\t\t\t\t<section class=\"elementor-section elementor-top-section elementor-element elementor-element-76df1a28 elementor-section-boxed elementor-section-height-default elementor-section-height-default\" data-id=\"76df1a28\" data-element_type=\"section\">\n\t\t\t\t\t\t<div class=\"elementor-container elementor-column-gap-default\">\n\t\t\t\t\t<div class=\"elementor-column elementor-col-100 elementor-top-column elementor-element elementor-element-73d87b81\" data-id=\"73d87b81\" data-element_type=\"column\">\n\t\t\t<div class=\"elementor-widget-wrap elementor-element-populated\">\n\t\t\t\t\t\t<div class=\"elementor-element elementor-element-5b320154 elementor-widget elementor-widget-text-editor\" data-id=\"5b320154\" data-element_type=\"widget\" data-widget_type=\"text-editor.default\">\n\t\t\t\t<div class=\"elementor-widget-container\">\n\t\t\t\t\t\t\t\t\t<p><\/p>\n<h2>Nuestros t\u00e9rminos de estancia<\/h2>\n<p>Al realizar una reserva en nuestra p\u00e1gina web, aceptas las siguientes normas de la casa.<\/p>\n<p><\/p>\n<p><\/p>\n<ol>\n<li>El horario de entrada es de 3 a 11 pm.<\/li>\n<li>El horario de salida es hasta las 11 am. Se puede acordar una salida tard\u00eda con un cargo adicional.<\/li>\n<li>La edad m\u00ednima para hacer el check-in es de 18 a\u00f1os.<\/li>\n<li>No se permiten mascotas.<\/li>\n<li>No se permiten fiestas ni eventos.<\/li>\n<li>No est\u00e1 permitido fumar en el edificio. Fumar activar\u00e1 la alarma de incendios y conlleva una multa de 500 PLN.<\/li>\n<li>No se permiten visitantes externos despu\u00e9s de las 9 pm en estancias de corta duraci\u00f3n.<\/li>\n<li>Por respeto a los dem\u00e1s hu\u00e9spedes y vecinos, se requiere que los hu\u00e9spedes mantengan silencio entre las 10 pm y las 7 am.<\/li>\n<li>Por favor, cuida tus llaves con especial atenci\u00f3n. Las llaves perdidas implican un cargo de reposici\u00f3n de 100 PLN.<\/li>\n<li>Por favor, ten cuidado de no perder los mandos a distancia de los dispositivos.<\/li>\n<li>Rogamos cuidar el mobiliario.<\/li>\n<li>No se permiten sustancias ilegales.<\/li>\n<\/ol>\n<p><\/p>\t\t\t\t\t\t\t\t<\/div>\n\t\t\t\t<\/div>\n\t\t\t\t\t<\/div>\n\t\t<\/div>\n\t\t\t\t\t<\/div>\n\t\t<\/section>\n\t\t\t\t<\/div>","protected":false},"excerpt":{"rendered":"<p>Nuestras condiciones de estancia Al hacer una reserva en nuestro sitio web, usted acepta las siguientes normas de la casa. La hora de entrada es de 15:00 a 23:00. La hora de salida es hasta las 11 de la ma\u00f1ana. Se puede acordar la salida m\u00e1s tarde por un cargo adicional. El m\u00ednimo ... <a href=\"https:\/\/thecastle.com.pl\/es\/condiciones-de-estancia\/\">Seguir leyendo<\/a><\/p>","protected":false},"author":1,"featured_media":0,"parent":0,"menu_order":0,"comment_status":"closed","ping_status":"open","template":"","meta":{"footnotes":""},"class_list":["post-6215","page","type-page","status-publish","hentry"],"yoast_head":"<!-- This site is optimized with the Yoast SEO plugin v25.5 - https:\/\/yoast.com\/wordpress\/plugins\/seo\/ -->\n<title>Our terms of stay - The Castle - Krakow Accommodation and Guide<\/title>\n<meta name=\"robots\" content=\"index, follow, max-snippet:-1, max-image-preview:large, max-video-preview:-1\" \/>\n<link rel=\"canonical\" href=\"https:\/\/thecastle.com.pl\/es\/condiciones-de-estancia\/\" \/>\n<meta property=\"og:locale\" content=\"es_ES\" \/>\n<meta property=\"og:type\" content=\"article\" \/>\n<meta property=\"og:title\" content=\"Our terms of stay - The Castle - Krakow Accommodation and Guide\" \/>\n<meta property=\"og:description\" content=\"Our terms of stay When making a booking on our website, you agree to the following house rules. Check-in time is 3-11pm. Check-out time is until 11am. Late check out can be agreed upon for an additional fee. The minimum &hellip; Read More\" \/>\n<meta property=\"og:url\" content=\"https:\/\/thecastle.com.pl\/es\/condiciones-de-estancia\/\" \/>\n<meta property=\"og:site_name\" content=\"The Castle - Krakow Accommodation and Guide\" \/>\n<meta property=\"article:modified_time\" content=\"2023-04-25T17:29:16+00:00\" \/>\n<meta name=\"twitter:card\" content=\"summary_large_image\" \/>\n<meta name=\"twitter:label1\" content=\"Tiempo de lectura\" \/>\n\t<meta name=\"twitter:data1\" content=\"1 minuto\" \/>\n<script type=\"application\/ld+json\" class=\"yoast-schema-graph\">{\"@context\":\"https:\/\/schema.org\",\"@graph\":[{\"@type\":\"WebPage\",\"@id\":\"https:\/\/thecastle.com.pl\/it\/condizioni-di-soggiorno\/\",\"url\":\"https:\/\/thecastle.com.pl\/it\/condizioni-di-soggiorno\/\",\"name\":\"Our terms of stay - The Castle - Krakow Accommodation and Guide\",\"isPartOf\":{\"@id\":\"https:\/\/thecastle.com.pl\/it\/#website\"},\"datePublished\":\"2023-04-25T17:19:51+00:00\",\"dateModified\":\"2023-04-25T17:29:16+00:00\",\"breadcrumb\":{\"@id\":\"https:\/\/thecastle.com.pl\/it\/condizioni-di-soggiorno\/#breadcrumb\"},\"inLanguage\":\"es\",\"potentialAction\":[{\"@type\":\"ReadAction\",\"target\":[\"https:\/\/thecastle.com.pl\/it\/condizioni-di-soggiorno\/\"]}]},{\"@type\":\"BreadcrumbList\",\"@id\":\"https:\/\/thecastle.com.pl\/it\/condizioni-di-soggiorno\/#breadcrumb\",\"itemListElement\":[{\"@type\":\"ListItem\",\"position\":1,\"name\":\"Home\",\"item\":\"https:\/\/thecastle.com.pl\/it\/\"},{\"@type\":\"ListItem\",\"position\":2,\"name\":\"Our terms of stay\"}]},{\"@type\":\"WebSite\",\"@id\":\"https:\/\/thecastle.com.pl\/it\/#website\",\"url\":\"https:\/\/thecastle.com.pl\/it\/\",\"name\":\"The Castle - Krakow Accommodation and Guide\",\"description\":\"Your short-term stay in Krakow\",\"publisher\":{\"@id\":\"https:\/\/thecastle.com.pl\/it\/#organization\"},\"potentialAction\":[{\"@type\":\"SearchAction\",\"target\":{\"@type\":\"EntryPoint\",\"urlTemplate\":\"https:\/\/thecastle.com.pl\/it\/?s={search_term_string}\"},\"query-input\":{\"@type\":\"PropertyValueSpecification\",\"valueRequired\":true,\"valueName\":\"search_term_string\"}}],\"inLanguage\":\"es\"},{\"@type\":\"Organization\",\"@id\":\"https:\/\/thecastle.com.pl\/it\/#organization\",\"name\":\"The Castle - Krakow Accommodation and Guide\",\"url\":\"https:\/\/thecastle.com.pl\/it\/\",\"logo\":{\"@type\":\"ImageObject\",\"inLanguage\":\"es\",\"@id\":\"https:\/\/thecastle.com.pl\/it\/#\/schema\/logo\/image\/\",\"url\":\"https:\/\/thecastle.com.pl\/wp-content\/uploads\/2022\/08\/cropped-The-castle-suites-apartments_logo_2.jpg\",\"contentUrl\":\"https:\/\/thecastle.com.pl\/wp-content\/uploads\/2022\/08\/cropped-The-castle-suites-apartments_logo_2.jpg\",\"width\":1620,\"height\":1351,\"caption\":\"The Castle - Krakow Accommodation and Guide\"},\"image\":{\"@id\":\"https:\/\/thecastle.com.pl\/it\/#\/schema\/logo\/image\/\"}}]}<\/script>\n<!-- \/ Yoast SEO plugin. -->","yoast_head_json":{"title":"Nuestras condiciones de estancia - The Castle - Cracovia Alojamiento y Gu\u00eda","robots":{"index":"index","follow":"follow","max-snippet":"max-snippet:-1","max-image-preview":"max-image-preview:large","max-video-preview":"max-video-preview:-1"},"canonical":"https:\/\/thecastle.com.pl\/es\/condiciones-de-estancia\/","og_locale":"es_ES","og_type":"article","og_title":"Our terms of stay - The Castle - Krakow Accommodation and Guide","og_description":"Our terms of stay When making a booking on our website, you agree to the following house rules. Check-in time is 3-11pm. Check-out time is until 11am. Late check out can be agreed upon for an additional fee. The minimum &hellip; Read More","og_url":"https:\/\/thecastle.com.pl\/es\/condiciones-de-estancia\/","og_site_name":"The Castle - Krakow Accommodation and Guide","article_modified_time":"2023-04-25T17:29:16+00:00","twitter_card":"summary_large_image","twitter_misc":{"Tiempo de lectura":"1 minuto"},"schema":{"@context":"https:\/\/schema.org","@graph":[{"@type":"WebPage","@id":"https:\/\/thecastle.com.pl\/it\/condizioni-di-soggiorno\/","url":"https:\/\/thecastle.com.pl\/it\/condizioni-di-soggiorno\/","name":"Nuestras condiciones de estancia - The Castle - Cracovia Alojamiento y Gu\u00eda","isPartOf":{"@id":"https:\/\/thecastle.com.pl\/it\/#website"},"datePublished":"2023-04-25T17:19:51+00:00","dateModified":"2023-04-25T17:29:16+00:00","breadcrumb":{"@id":"https:\/\/thecastle.com.pl\/it\/condizioni-di-soggiorno\/#breadcrumb"},"inLanguage":"es","potentialAction":[{"@type":"ReadAction","target":["https:\/\/thecastle.com.pl\/it\/condizioni-di-soggiorno\/"]}]},{"@type":"BreadcrumbList","@id":"https:\/\/thecastle.com.pl\/it\/condizioni-di-soggiorno\/#breadcrumb","itemListElement":[{"@type":"ListItem","position":1,"name":"Home","item":"https:\/\/thecastle.com.pl\/it\/"},{"@type":"ListItem","position":2,"name":"Our terms of stay"}]},{"@type":"WebSite","@id":"https:\/\/thecastle.com.pl\/it\/#website","url":"https:\/\/thecastle.com.pl\/it\/","name":"The Castle - Alojamiento y Gu\u00eda de Cracovia","description":"Estancia breve en Cracovia","publisher":{"@id":"https:\/\/thecastle.com.pl\/it\/#organization"},"potentialAction":[{"@type":"SearchAction","target":{"@type":"EntryPoint","urlTemplate":"https:\/\/thecastle.com.pl\/it\/?s={search_term_string}"},"query-input":{"@type":"PropertyValueSpecification","valueRequired":true,"valueName":"search_term_string"}}],"inLanguage":"es"},{"@type":"Organization","@id":"https:\/\/thecastle.com.pl\/it\/#organization","name":"The Castle - Alojamiento y Gu\u00eda de Cracovia","url":"https:\/\/thecastle.com.pl\/it\/","logo":{"@type":"ImageObject","inLanguage":"es","@id":"https:\/\/thecastle.com.pl\/it\/#\/schema\/logo\/image\/","url":"https:\/\/thecastle.com.pl\/wp-content\/uploads\/2022\/08\/cropped-The-castle-suites-apartments_logo_2.jpg","contentUrl":"https:\/\/thecastle.com.pl\/wp-content\/uploads\/2022\/08\/cropped-The-castle-suites-apartments_logo_2.jpg","width":1620,"height":1351,"caption":"The Castle - Krakow Accommodation and Guide"},"image":{"@id":"https:\/\/thecastle.com.pl\/it\/#\/schema\/logo\/image\/"}}]}},"_links":{"self":[{"href":"https:\/\/thecastle.com.pl\/es\/wp-json\/wp\/v2\/pages\/6215","targetHints":{"allow":["GET"]}}],"collection":[{"href":"https:\/\/thecastle.com.pl\/es\/wp-json\/wp\/v2\/pages"}],"about":[{"href":"https:\/\/thecastle.com.pl\/es\/wp-json\/wp\/v2\/types\/page"}],"author":[{"embeddable":true,"href":"https:\/\/thecastle.com.pl\/es\/wp-json\/wp\/v2\/users\/1"}],"replies":[{"embeddable":true,"href":"https:\/\/thecastle.com.pl\/es\/wp-json\/wp\/v2\/comments?post=6215"}],"version-history":[{"count":5,"href":"https:\/\/thecastle.com.pl\/es\/wp-json\/wp\/v2\/pages\/6215\/revisions"}],"predecessor-version":[{"id":6248,"href":"https:\/\/thecastle.com.pl\/es\/wp-json\/wp\/v2\/pages\/6215\/revisions\/6248"}],"wp:attachment":[{"href":"https:\/\/thecastle.com.pl\/es\/wp-json\/wp\/v2\/media?parent=6215"}],"curies":[{"name":"wp","href":"https:\/\/api.w.org\/{rel}","templated":true}]}}