{"id":7,"date":"2022-08-01T11:50:31","date_gmt":"2022-08-01T11:50:31","guid":{"rendered":"http:\/\/thecastle.onpressidium.com\/?page_id=3"},"modified":"2025-08-24T13:46:35","modified_gmt":"2025-08-24T13:46:35","slug":"politica-de-privacidad","status":"publish","type":"page","link":"https:\/\/thecastle.com.pl\/es\/politica-de-privacidad\/","title":{"rendered":"Pol\u00edtica de privacidad"},"content":{"rendered":"<div data-elementor-type=\"wp-page\" data-elementor-id=\"7\" class=\"elementor elementor-7\">\n\t\t\t\t\t\t<section class=\"elementor-section elementor-top-section elementor-element elementor-element-76df1a28 elementor-section-boxed elementor-section-height-default elementor-section-height-default\" data-id=\"76df1a28\" data-element_type=\"section\">\n\t\t\t\t\t\t<div class=\"elementor-container elementor-column-gap-default\">\n\t\t\t\t\t<div class=\"elementor-column elementor-col-100 elementor-top-column elementor-element elementor-element-73d87b81\" data-id=\"73d87b81\" data-element_type=\"column\">\n\t\t\t<div class=\"elementor-widget-wrap elementor-element-populated\">\n\t\t\t\t\t\t<div class=\"elementor-element elementor-element-5b320154 elementor-widget elementor-widget-text-editor\" data-id=\"5b320154\" data-element_type=\"widget\" data-widget_type=\"text-editor.default\">\n\t\t\t\t<div class=\"elementor-widget-container\">\n\t\t\t\t\t\t\t\t\t<p><\/p>\n<h3>Pol\u00edtica de privacidad<\/h3>\n<p><\/p>\n<p>Esta pol\u00edtica de privacidad explica c\u00f3mo thecastle.com.pl utiliza y procesa sus datos personales. Tambi\u00e9n podemos referirnos a Thecastle.com.pl como \"nosotros\", \"nuestro\" o \" la p\u00e1gina web\".<\/p>\n<p><\/p>\n<p><\/p>\n<h2 class=\"wp-block-heading\">\u00bfQui\u00e9n es responsable del control y tratamiento de los datos personales?<\/h2>\n<p><\/p>\n<p><\/p>\n<p>El responsable de los datos personales recopilados a trav\u00e9s del sitio web es Fancy Life Sp. zo.o., Adama Habeli 12, 30-898 Cracovia, NIP: 6793266864.<\/p>\n<p><\/p>\n<p><\/p>\n<p><\/p>\n<p><\/p>\n<h2 class=\"wp-block-heading\">\u00bfQu\u00e9 datos recogemos y por qu\u00e9?<\/h2>\n<p><\/p>\n<p><\/p>\n<p>Recogemos y utilizamos sus datos con distintos fines cuando utiliza nuestro sitio web.<\/p><p><!-- \/wp:list-item --><\/p>\n<p><!-- \/wp:list-item --><\/p>\n<p><!-- wp:list-item --><\/p>\n<p><!-- \/wp:list-item --><\/p>\n<p><!-- \/wp:paragraph --><\/p>\n<p><!-- wp:heading {\"level\":3} --><\/p>\n<h3>Live chat<\/h3>\n<p><!-- \/wp:heading --><\/p>\n<p><!-- wp:paragraph --><\/p>\n<p>Ofrecemos una funci\u00f3n de chat en vivo para facilitar el servicio al cliente. Los datos registrados a trav\u00e9s del chat en vivo se almacenan en la plataforma de chat en vivo proporcionada por Tidio.com. Tidio Poland Sp. z o.o., con domicilio social en Szczecin, calle Wojska Polskiego 81 (70-481, Szczecin, Polonia), actuar\u00e1 como procesador de datos. Esta es su <a href=\"https:\/\/www.tidio.com\/privacy-policy\/\" target=\"_blank\" rel=\"noreferrer noopener\">Pol\u00edtica de privacidad<\/a>.<\/p>\n<p><!-- \/wp:paragraph --><\/p>\n<p><!-- wp:paragraph --><\/p>\n<p>Para ayudarnos a brindarte asistencia durante el chat en vivo, es posible que recojamos datos de contacto, como tu nombre y direcci\u00f3n de correo electr\u00f3nico. Nunca solicitaremos informaci\u00f3n confidencial, como los detalles de tu tarjeta de cr\u00e9dito.<\/p>\n<p><!-- \/wp:paragraph --><\/p>\n<p><!-- wp:heading {\"level\":3} --><\/p>\n<h3>Formulario de contacto<\/h3>\n<p><!-- \/wp:heading --><\/p>\n<p><!-- wp:paragraph --><\/p>\n<p>Si se pone en contacto con nosotros a trav\u00e9s de nuestro formulario de contacto, recopilaremos los siguientes datos personales:<\/p>\n<ol>\n<li>Nombre y apellidos<\/li>\n<li>Direcci\u00f3n de correo electr\u00f3nico<\/li>\n<\/ol>\n<p><!-- \/wp:paragraph --><\/p>\n<p><!-- wp:list {\"ordered\":true} --><\/p>\n<ol>\n<li style=\"list-style-type: none;\">\n<ol><!-- wp:list-item --><\/ol>\n<\/li>\n<\/ol>\n<p><!-- \/wp:list-item --><\/p>\n<p><!-- wp:list-item --><\/p>\n<p><!-- \/wp:list-item --><\/p>\n<p><!-- \/wp:list --><\/p>\n<p><!-- wp:paragraph --><\/p>\n<p>Utilizamos esta informaci\u00f3n para comunicarnos contigo y responder a tu consulta.<\/p>\n<h3>Formulario de inscripci\u00f3n<\/h3>\n<p>Si se inscribe para recibir actualizaciones nuestras en las p\u00e1ginas de nuestro blog, recopilamos los siguientes datos personales:<\/p>\n<ol>\n<li><span style=\"color: inherit; font-family: inherit; font-size: inherit; font-style: inherit; font-weight: inherit;\">Nombre<\/span><\/li>\n<li><span style=\"color: inherit; font-family: inherit; font-size: inherit; font-style: inherit; font-weight: inherit;\">Direcci\u00f3n de correo electr\u00f3nico<\/span><\/li>\n<\/ol>\n<p>Utilizamos esta informaci\u00f3n para avisarle cuando publicamos un nuevo post en nuestro blog y para enviarle descuentos exclusivos en alquileres a corto y medio plazo en nuestra propiedad. Puede darse de baja en cualquier momento.<\/p>\n<p><!-- \/wp:paragraph --><\/p>\n<p><!-- wp:heading --><\/p>\n<h2>Con qui\u00e9n compartimos tus datos<\/h2>\n<p><!-- \/wp:heading --><\/p>\n<p><!-- wp:paragraph --><\/p>\n<p>Solo nuestro personal tiene acceso a tus datos personales, que se utilizan para gestionar tus consultas y prestarte los servicios que has contratado con nosotros.<\/p>\n<p><!-- \/wp:paragraph --><\/p>\n<p><!-- wp:heading --><\/p>\n<h2>Cookies<\/h2>\n<p><!-- \/wp:heading --><\/p>\n<p><!-- wp:paragraph --><\/p>\n<p>Las cookies son peque\u00f1os archivos de datos que se colocan en tu ordenador o dispositivo m\u00f3vil cuando visitas un sitio web. Los propietarios de los sitios web las utilizan ampliamente para que sus sitios funcionen correctamente o de manera m\u00e1s eficiente, adem\u00e1s de proporcionar informaci\u00f3n para su an\u00e1lisis. Consulta c\u00f3mo y por qu\u00e9 utilizamos las cookies en nuestra pol\u00edtica de cookies. <a href=\"https:\/\/thecastle.com.pl\/es\/politica-de-cookies\/\">pol\u00edtica de cookies<\/a>.<\/p>\n<h2>Your rights<\/h2>\n<p class=\"p1\">Tienes derecho a acceder al contenido de tus datos y corregirlo. Adem\u00e1s, tienes derecho a retirar tu consentimiento en cualquier momento, derecho a eliminarlo y derecho a ser olvidado en caso de que se procesen datos personales con fines de marketing.<\/p>\n<p><!-- \/wp:paragraph --><\/p>\n<p><!-- wp:heading --><\/p>\n<h2>Controlador de datos<\/h2>\n<p><!-- \/wp:heading --><\/p>\n<p><!-- wp:paragraph --><\/p>\n<p>Si tienes alguna pregunta sobre esta pol\u00edtica de privacidad, env\u00edanos un correo electr\u00f3nico a info@thecastle.com.pl.<\/p>\n<p><!-- \/wp:paragraph --><\/p>\t\t\t\t\t\t\t\t<\/div>\n\t\t\t\t<\/div>\n\t\t\t\t\t<\/div>\n\t\t<\/div>\n\t\t\t\t\t<\/div>\n\t\t<\/section>\n\t\t\t\t<\/div>","protected":false},"excerpt":{"rendered":"<p>Pol\u00edtica de privacidad Esta pol\u00edtica de privacidad explica c\u00f3mo thecastle.com.pl utiliza y procesa sus datos personales. Tambi\u00e9n podemos referirnos a Thecastle.com.pl como \"nosotros\", \"nuestro\" o \"el sitio web\". \u00bfQui\u00e9n es el responsable del control y tratamiento de los datos personales? El responsable del control de los datos personales ... <a href=\"https:\/\/thecastle.com.pl\/es\/politica-de-privacidad\/\">Seguir leyendo<\/a><\/p>","protected":false},"author":1,"featured_media":0,"parent":0,"menu_order":0,"comment_status":"closed","ping_status":"open","template":"","meta":{"footnotes":""},"class_list":["post-7","page","type-page","status-publish","hentry"],"yoast_head":"<!-- This site is optimized with the Yoast SEO plugin v25.5 - https:\/\/yoast.com\/wordpress\/plugins\/seo\/ -->\n<title>Privacy Policy - The Castle - Krakow Accommodation and Guide<\/title>\n<meta name=\"robots\" content=\"index, follow, max-snippet:-1, max-image-preview:large, max-video-preview:-1\" \/>\n<link rel=\"canonical\" href=\"https:\/\/thecastle.com.pl\/es\/politica-de-privacidad\/\" \/>\n<meta property=\"og:locale\" content=\"es_ES\" \/>\n<meta property=\"og:type\" content=\"article\" \/>\n<meta property=\"og:title\" content=\"Privacy Policy - The Castle - Krakow Accommodation and Guide\" \/>\n<meta property=\"og:description\" content=\"Privacy policy This privacy policy explains how thecastle.com.pl uses and processes your personal data. Thecastle.com.pl may also be referred to as &#8216;we&#8217;, &#8216;us&#8217;, &#8216;our&#8217; or &#8216;the website&#8217;. Who is responsible for controlling and processing personal data? The controller of personal &hellip; Read More\" \/>\n<meta property=\"og:url\" content=\"https:\/\/thecastle.com.pl\/es\/politica-de-privacidad\/\" \/>\n<meta property=\"og:site_name\" content=\"The Castle - Krakow Accommodation and Guide\" \/>\n<meta property=\"article:modified_time\" content=\"2025-08-24T13:46:35+00:00\" \/>\n<meta name=\"twitter:card\" content=\"summary_large_image\" \/>\n<meta name=\"twitter:label1\" content=\"Tiempo de lectura\" \/>\n\t<meta name=\"twitter:data1\" content=\"2 minutos\" \/>\n<script type=\"application\/ld+json\" class=\"yoast-schema-graph\">{\"@context\":\"https:\/\/schema.org\",\"@graph\":[{\"@type\":\"WebPage\",\"@id\":\"https:\/\/thecastle.com.pl\/en\/privacy-policy\/\",\"url\":\"https:\/\/thecastle.com.pl\/en\/privacy-policy\/\",\"name\":\"Privacy Policy - The Castle - Krakow Accommodation and Guide\",\"isPartOf\":{\"@id\":\"https:\/\/thecastle.com.pl\/it\/#website\"},\"datePublished\":\"2022-08-01T11:50:31+00:00\",\"dateModified\":\"2025-08-24T13:46:35+00:00\",\"breadcrumb\":{\"@id\":\"https:\/\/thecastle.com.pl\/en\/privacy-policy\/#breadcrumb\"},\"inLanguage\":\"es\",\"potentialAction\":[{\"@type\":\"ReadAction\",\"target\":[\"https:\/\/thecastle.com.pl\/en\/privacy-policy\/\"]}]},{\"@type\":\"BreadcrumbList\",\"@id\":\"https:\/\/thecastle.com.pl\/en\/privacy-policy\/#breadcrumb\",\"itemListElement\":[{\"@type\":\"ListItem\",\"position\":1,\"name\":\"Home\",\"item\":\"https:\/\/thecastle.com.pl\/it\/\"},{\"@type\":\"ListItem\",\"position\":2,\"name\":\"Privacy Policy\"}]},{\"@type\":\"WebSite\",\"@id\":\"https:\/\/thecastle.com.pl\/it\/#website\",\"url\":\"https:\/\/thecastle.com.pl\/it\/\",\"name\":\"The Castle - Krakow Accommodation and Guide\",\"description\":\"Your short-term stay in Krakow\",\"publisher\":{\"@id\":\"https:\/\/thecastle.com.pl\/it\/#organization\"},\"potentialAction\":[{\"@type\":\"SearchAction\",\"target\":{\"@type\":\"EntryPoint\",\"urlTemplate\":\"https:\/\/thecastle.com.pl\/it\/?s={search_term_string}\"},\"query-input\":{\"@type\":\"PropertyValueSpecification\",\"valueRequired\":true,\"valueName\":\"search_term_string\"}}],\"inLanguage\":\"es\"},{\"@type\":\"Organization\",\"@id\":\"https:\/\/thecastle.com.pl\/it\/#organization\",\"name\":\"The Castle - Krakow Accommodation and Guide\",\"url\":\"https:\/\/thecastle.com.pl\/it\/\",\"logo\":{\"@type\":\"ImageObject\",\"inLanguage\":\"es\",\"@id\":\"https:\/\/thecastle.com.pl\/it\/#\/schema\/logo\/image\/\",\"url\":\"https:\/\/thecastle.com.pl\/wp-content\/uploads\/2022\/08\/cropped-The-castle-suites-apartments_logo_2.jpg\",\"contentUrl\":\"https:\/\/thecastle.com.pl\/wp-content\/uploads\/2022\/08\/cropped-The-castle-suites-apartments_logo_2.jpg\",\"width\":1620,\"height\":1351,\"caption\":\"The Castle - Krakow Accommodation and Guide\"},\"image\":{\"@id\":\"https:\/\/thecastle.com.pl\/it\/#\/schema\/logo\/image\/\"}}]}<\/script>\n<!-- \/ Yoast SEO plugin. -->","yoast_head_json":{"title":"Pol\u00edtica de privacidad - The Castle - Gu\u00eda y alojamiento de Cracovia","robots":{"index":"index","follow":"follow","max-snippet":"max-snippet:-1","max-image-preview":"max-image-preview:large","max-video-preview":"max-video-preview:-1"},"canonical":"https:\/\/thecastle.com.pl\/es\/politica-de-privacidad\/","og_locale":"es_ES","og_type":"article","og_title":"Privacy Policy - The Castle - Krakow Accommodation and Guide","og_description":"Privacy policy This privacy policy explains how thecastle.com.pl uses and processes your personal data. Thecastle.com.pl may also be referred to as &#8216;we&#8217;, &#8216;us&#8217;, &#8216;our&#8217; or &#8216;the website&#8217;. Who is responsible for controlling and processing personal data? The controller of personal &hellip; Read More","og_url":"https:\/\/thecastle.com.pl\/es\/politica-de-privacidad\/","og_site_name":"The Castle - Krakow Accommodation and Guide","article_modified_time":"2025-08-24T13:46:35+00:00","twitter_card":"summary_large_image","twitter_misc":{"Tiempo de lectura":"2 minutos"},"schema":{"@context":"https:\/\/schema.org","@graph":[{"@type":"WebPage","@id":"https:\/\/thecastle.com.pl\/en\/privacy-policy\/","url":"https:\/\/thecastle.com.pl\/en\/privacy-policy\/","name":"Pol\u00edtica de privacidad - The Castle - Gu\u00eda y alojamiento de Cracovia","isPartOf":{"@id":"https:\/\/thecastle.com.pl\/it\/#website"},"datePublished":"2022-08-01T11:50:31+00:00","dateModified":"2025-08-24T13:46:35+00:00","breadcrumb":{"@id":"https:\/\/thecastle.com.pl\/en\/privacy-policy\/#breadcrumb"},"inLanguage":"es","potentialAction":[{"@type":"ReadAction","target":["https:\/\/thecastle.com.pl\/en\/privacy-policy\/"]}]},{"@type":"BreadcrumbList","@id":"https:\/\/thecastle.com.pl\/en\/privacy-policy\/#breadcrumb","itemListElement":[{"@type":"ListItem","position":1,"name":"Home","item":"https:\/\/thecastle.com.pl\/it\/"},{"@type":"ListItem","position":2,"name":"Privacy Policy"}]},{"@type":"WebSite","@id":"https:\/\/thecastle.com.pl\/it\/#website","url":"https:\/\/thecastle.com.pl\/it\/","name":"The Castle - Alojamiento y Gu\u00eda de Cracovia","description":"Estancia breve en Cracovia","publisher":{"@id":"https:\/\/thecastle.com.pl\/it\/#organization"},"potentialAction":[{"@type":"SearchAction","target":{"@type":"EntryPoint","urlTemplate":"https:\/\/thecastle.com.pl\/it\/?s={search_term_string}"},"query-input":{"@type":"PropertyValueSpecification","valueRequired":true,"valueName":"search_term_string"}}],"inLanguage":"es"},{"@type":"Organization","@id":"https:\/\/thecastle.com.pl\/it\/#organization","name":"The Castle - Alojamiento y Gu\u00eda de Cracovia","url":"https:\/\/thecastle.com.pl\/it\/","logo":{"@type":"ImageObject","inLanguage":"es","@id":"https:\/\/thecastle.com.pl\/it\/#\/schema\/logo\/image\/","url":"https:\/\/thecastle.com.pl\/wp-content\/uploads\/2022\/08\/cropped-The-castle-suites-apartments_logo_2.jpg","contentUrl":"https:\/\/thecastle.com.pl\/wp-content\/uploads\/2022\/08\/cropped-The-castle-suites-apartments_logo_2.jpg","width":1620,"height":1351,"caption":"The Castle - Krakow Accommodation and Guide"},"image":{"@id":"https:\/\/thecastle.com.pl\/it\/#\/schema\/logo\/image\/"}}]}},"_links":{"self":[{"href":"https:\/\/thecastle.com.pl\/es\/wp-json\/wp\/v2\/pages\/7","targetHints":{"allow":["GET"]}}],"collection":[{"href":"https:\/\/thecastle.com.pl\/es\/wp-json\/wp\/v2\/pages"}],"about":[{"href":"https:\/\/thecastle.com.pl\/es\/wp-json\/wp\/v2\/types\/page"}],"author":[{"embeddable":true,"href":"https:\/\/thecastle.com.pl\/es\/wp-json\/wp\/v2\/users\/1"}],"replies":[{"embeddable":true,"href":"https:\/\/thecastle.com.pl\/es\/wp-json\/wp\/v2\/comments?post=7"}],"version-history":[{"count":5,"href":"https:\/\/thecastle.com.pl\/es\/wp-json\/wp\/v2\/pages\/7\/revisions"}],"predecessor-version":[{"id":16162,"href":"https:\/\/thecastle.com.pl\/es\/wp-json\/wp\/v2\/pages\/7\/revisions\/16162"}],"wp:attachment":[{"href":"https:\/\/thecastle.com.pl\/es\/wp-json\/wp\/v2\/media?parent=7"}],"curies":[{"name":"wp","href":"https:\/\/api.w.org\/{rel}","templated":true}]}}