{"id":6215,"date":"2023-04-25T17:19:51","date_gmt":"2023-04-25T17:19:51","guid":{"rendered":"https:\/\/thecastle.com.pl\/?page_id=6215"},"modified":"2023-04-25T17:29:16","modified_gmt":"2023-04-25T17:29:16","slug":"condizioni-di-soggiorno","status":"publish","type":"page","link":"https:\/\/thecastle.com.pl\/it\/condizioni-di-soggiorno\/","title":{"rendered":"Le nostre condizioni di soggiorno"},"content":{"rendered":"<div data-elementor-type=\"wp-page\" data-elementor-id=\"6215\" class=\"elementor elementor-6215\">\n\t\t\t\t\t\t<section class=\"elementor-section elementor-top-section elementor-element elementor-element-76df1a28 elementor-section-boxed elementor-section-height-default elementor-section-height-default\" data-id=\"76df1a28\" data-element_type=\"section\">\n\t\t\t\t\t\t<div class=\"elementor-container elementor-column-gap-default\">\n\t\t\t\t\t<div class=\"elementor-column elementor-col-100 elementor-top-column elementor-element elementor-element-73d87b81\" data-id=\"73d87b81\" data-element_type=\"column\">\n\t\t\t<div class=\"elementor-widget-wrap elementor-element-populated\">\n\t\t\t\t\t\t<div class=\"elementor-element elementor-element-5b320154 elementor-widget elementor-widget-text-editor\" data-id=\"5b320154\" data-element_type=\"widget\" data-widget_type=\"text-editor.default\">\n\t\t\t\t<div class=\"elementor-widget-container\">\n\t\t\t\t\t\t\t\t\t<p><\/p>\n<h2>Le nostre condizioni di soggiorno<\/h2>\n<p>Quando effettui una prenotazione sul nostro sito web, accetti le seguenti regole della casa.<\/p>\n<p><\/p>\n<p><\/p>\n<ol>\n<li>Il check-in si effettua dalle 15:00 alle 22:00<\/li>\n<li>Il check-out max fino alle 11:00. Il check-out posticipato pu\u00f2 essere concordato a un costo aggiuntivo.(in base alla disponibilit\u00e0) deve essere concordato almeno un giorno prima del check out.<\/li>\n<li>L'et\u00e0 minima per il soggiorno \u00e8 di anni 18.<\/li>\n<li>Non sono ammessi animali.<\/li>\n<li>Non sono consentite feste o eventi di qualsiasi natura o eventi.<\/li>\n<li>Non \u00e8 permesso fumare nell'edificio. Il fumo attiver\u00e0 l'allarme antincendio e comporta una sanzione di 500 zloty.<\/li>\n<li>Non sono ammessi visitatori esterni dopo le 20:00 per soggiorni di breve durata.<\/li>\n<li>Per rispetto degli altri ospiti e dei nostri vicini, dovrete rispettare le ore di silenzio dalle ore 22:00 alle ore 07:00.<\/li>\n<li>Si prega di prendersi cura delle chiavi. Le chiavi smarrite e i relativi portachiavi normale e elettronici comportano un costo di ripristino di 100 zloty.<\/li>\n<li>Si prega di fare attenzione a non perdere i telecomandi dei dispositivi.<\/li>\n<li>Si prega di fare attenzione a non danneggiare i mobili e i componenti di arredo della struttura (lenzuoli materasso asciugamani completi letto cuscini ecc ecc.)<\/li>\n<li>Non sono ammesse sostanze e\/o attivit\u00e0 illegali.<\/li>\n<\/ol>\n<p><\/p>\t\t\t\t\t\t\t\t<\/div>\n\t\t\t\t<\/div>\n\t\t\t\t\t<\/div>\n\t\t<\/div>\n\t\t\t\t\t<\/div>\n\t\t<\/section>\n\t\t\t\t<\/div>","protected":false},"excerpt":{"rendered":"<p>Le nostre condizioni di soggiorno Effettuando una prenotazione sul nostro sito web, accettate le seguenti regole della casa. L'orario di check-in \u00e8 dalle 15:00 alle 23:00. L'orario di check-out \u00e8 fino alle 11.00. Il check-out tardivo pu\u00f2 essere concordato con un supplemento. Il soggiorno minimo ... <a href=\"https:\/\/thecastle.com.pl\/it\/condizioni-di-soggiorno\/\">Per saperne di pi\u00f9<\/a><\/p>","protected":false},"author":1,"featured_media":0,"parent":0,"menu_order":0,"comment_status":"closed","ping_status":"open","template":"","meta":{"footnotes":""},"class_list":["post-6215","page","type-page","status-publish","hentry"],"yoast_head":"<!-- This site is optimized with the Yoast SEO plugin v25.5 - https:\/\/yoast.com\/wordpress\/plugins\/seo\/ -->\n<title>Our terms of stay - The Castle - Krakow Accommodation and Guide<\/title>\n<meta name=\"robots\" content=\"index, follow, max-snippet:-1, max-image-preview:large, max-video-preview:-1\" \/>\n<link rel=\"canonical\" href=\"https:\/\/thecastle.com.pl\/it\/condizioni-di-soggiorno\/\" \/>\n<meta property=\"og:locale\" content=\"it_IT\" \/>\n<meta property=\"og:type\" content=\"article\" \/>\n<meta property=\"og:title\" content=\"Our terms of stay - The Castle - Krakow Accommodation and Guide\" \/>\n<meta property=\"og:description\" content=\"Our terms of stay When making a booking on our website, you agree to the following house rules. Check-in time is 3-11pm. Check-out time is until 11am. Late check out can be agreed upon for an additional fee. The minimum &hellip; Read More\" \/>\n<meta property=\"og:url\" content=\"https:\/\/thecastle.com.pl\/it\/condizioni-di-soggiorno\/\" \/>\n<meta property=\"og:site_name\" content=\"The Castle - Krakow Accommodation and Guide\" \/>\n<meta property=\"article:modified_time\" content=\"2023-04-25T17:29:16+00:00\" \/>\n<meta name=\"twitter:card\" content=\"summary_large_image\" \/>\n<meta name=\"twitter:label1\" content=\"Tempo di lettura stimato\" \/>\n\t<meta name=\"twitter:data1\" content=\"1 minuto\" \/>\n<script type=\"application\/ld+json\" class=\"yoast-schema-graph\">{\"@context\":\"https:\/\/schema.org\",\"@graph\":[{\"@type\":\"WebPage\",\"@id\":\"https:\/\/thecastle.com.pl\/it\/condizioni-di-soggiorno\/\",\"url\":\"https:\/\/thecastle.com.pl\/it\/condizioni-di-soggiorno\/\",\"name\":\"Our terms of stay - The Castle - Krakow Accommodation and Guide\",\"isPartOf\":{\"@id\":\"https:\/\/thecastle.com.pl\/it\/#website\"},\"datePublished\":\"2023-04-25T17:19:51+00:00\",\"dateModified\":\"2023-04-25T17:29:16+00:00\",\"breadcrumb\":{\"@id\":\"https:\/\/thecastle.com.pl\/it\/condizioni-di-soggiorno\/#breadcrumb\"},\"inLanguage\":\"it-IT\",\"potentialAction\":[{\"@type\":\"ReadAction\",\"target\":[\"https:\/\/thecastle.com.pl\/it\/condizioni-di-soggiorno\/\"]}]},{\"@type\":\"BreadcrumbList\",\"@id\":\"https:\/\/thecastle.com.pl\/it\/condizioni-di-soggiorno\/#breadcrumb\",\"itemListElement\":[{\"@type\":\"ListItem\",\"position\":1,\"name\":\"Home\",\"item\":\"https:\/\/thecastle.com.pl\/it\/\"},{\"@type\":\"ListItem\",\"position\":2,\"name\":\"Our terms of stay\"}]},{\"@type\":\"WebSite\",\"@id\":\"https:\/\/thecastle.com.pl\/it\/#website\",\"url\":\"https:\/\/thecastle.com.pl\/it\/\",\"name\":\"The Castle - Krakow Accommodation and Guide\",\"description\":\"Your short-term stay in Krakow\",\"publisher\":{\"@id\":\"https:\/\/thecastle.com.pl\/it\/#organization\"},\"potentialAction\":[{\"@type\":\"SearchAction\",\"target\":{\"@type\":\"EntryPoint\",\"urlTemplate\":\"https:\/\/thecastle.com.pl\/it\/?s={search_term_string}\"},\"query-input\":{\"@type\":\"PropertyValueSpecification\",\"valueRequired\":true,\"valueName\":\"search_term_string\"}}],\"inLanguage\":\"it-IT\"},{\"@type\":\"Organization\",\"@id\":\"https:\/\/thecastle.com.pl\/it\/#organization\",\"name\":\"The Castle - Krakow Accommodation and Guide\",\"url\":\"https:\/\/thecastle.com.pl\/it\/\",\"logo\":{\"@type\":\"ImageObject\",\"inLanguage\":\"it-IT\",\"@id\":\"https:\/\/thecastle.com.pl\/it\/#\/schema\/logo\/image\/\",\"url\":\"https:\/\/thecastle.com.pl\/wp-content\/uploads\/2022\/08\/cropped-The-castle-suites-apartments_logo_2.jpg\",\"contentUrl\":\"https:\/\/thecastle.com.pl\/wp-content\/uploads\/2022\/08\/cropped-The-castle-suites-apartments_logo_2.jpg\",\"width\":1620,\"height\":1351,\"caption\":\"The Castle - Krakow Accommodation and Guide\"},\"image\":{\"@id\":\"https:\/\/thecastle.com.pl\/it\/#\/schema\/logo\/image\/\"}}]}<\/script>\n<!-- \/ Yoast SEO plugin. -->","yoast_head_json":{"title":"Le nostre condizioni di soggiorno - The Castle - Guida e alloggi a Cracovia","robots":{"index":"index","follow":"follow","max-snippet":"max-snippet:-1","max-image-preview":"max-image-preview:large","max-video-preview":"max-video-preview:-1"},"canonical":"https:\/\/thecastle.com.pl\/it\/condizioni-di-soggiorno\/","og_locale":"it_IT","og_type":"article","og_title":"Our terms of stay - The Castle - Krakow Accommodation and Guide","og_description":"Our terms of stay When making a booking on our website, you agree to the following house rules. Check-in time is 3-11pm. Check-out time is until 11am. Late check out can be agreed upon for an additional fee. The minimum &hellip; Read More","og_url":"https:\/\/thecastle.com.pl\/it\/condizioni-di-soggiorno\/","og_site_name":"The Castle - Krakow Accommodation and Guide","article_modified_time":"2023-04-25T17:29:16+00:00","twitter_card":"summary_large_image","twitter_misc":{"Tempo di lettura stimato":"1 minuto"},"schema":{"@context":"https:\/\/schema.org","@graph":[{"@type":"WebPage","@id":"https:\/\/thecastle.com.pl\/it\/condizioni-di-soggiorno\/","url":"https:\/\/thecastle.com.pl\/it\/condizioni-di-soggiorno\/","name":"Le nostre condizioni di soggiorno - The Castle - Guida e alloggi a Cracovia","isPartOf":{"@id":"https:\/\/thecastle.com.pl\/it\/#website"},"datePublished":"2023-04-25T17:19:51+00:00","dateModified":"2023-04-25T17:29:16+00:00","breadcrumb":{"@id":"https:\/\/thecastle.com.pl\/it\/condizioni-di-soggiorno\/#breadcrumb"},"inLanguage":"it-IT","potentialAction":[{"@type":"ReadAction","target":["https:\/\/thecastle.com.pl\/it\/condizioni-di-soggiorno\/"]}]},{"@type":"BreadcrumbList","@id":"https:\/\/thecastle.com.pl\/it\/condizioni-di-soggiorno\/#breadcrumb","itemListElement":[{"@type":"ListItem","position":1,"name":"Home","item":"https:\/\/thecastle.com.pl\/it\/"},{"@type":"ListItem","position":2,"name":"Our terms of stay"}]},{"@type":"WebSite","@id":"https:\/\/thecastle.com.pl\/it\/#website","url":"https:\/\/thecastle.com.pl\/it\/","name":"The Castle - Alloggio e Guida a Cracovia","description":"Il vostro soggiorno di breve durata a Cracovia","publisher":{"@id":"https:\/\/thecastle.com.pl\/it\/#organization"},"potentialAction":[{"@type":"SearchAction","target":{"@type":"EntryPoint","urlTemplate":"https:\/\/thecastle.com.pl\/it\/?s={search_term_string}"},"query-input":{"@type":"PropertyValueSpecification","valueRequired":true,"valueName":"search_term_string"}}],"inLanguage":"it-IT"},{"@type":"Organization","@id":"https:\/\/thecastle.com.pl\/it\/#organization","name":"The Castle - Alloggio e Guida a Cracovia","url":"https:\/\/thecastle.com.pl\/it\/","logo":{"@type":"ImageObject","inLanguage":"it-IT","@id":"https:\/\/thecastle.com.pl\/it\/#\/schema\/logo\/image\/","url":"https:\/\/thecastle.com.pl\/wp-content\/uploads\/2022\/08\/cropped-The-castle-suites-apartments_logo_2.jpg","contentUrl":"https:\/\/thecastle.com.pl\/wp-content\/uploads\/2022\/08\/cropped-The-castle-suites-apartments_logo_2.jpg","width":1620,"height":1351,"caption":"The Castle - Krakow Accommodation and Guide"},"image":{"@id":"https:\/\/thecastle.com.pl\/it\/#\/schema\/logo\/image\/"}}]}},"_links":{"self":[{"href":"https:\/\/thecastle.com.pl\/it\/wp-json\/wp\/v2\/pages\/6215","targetHints":{"allow":["GET"]}}],"collection":[{"href":"https:\/\/thecastle.com.pl\/it\/wp-json\/wp\/v2\/pages"}],"about":[{"href":"https:\/\/thecastle.com.pl\/it\/wp-json\/wp\/v2\/types\/page"}],"author":[{"embeddable":true,"href":"https:\/\/thecastle.com.pl\/it\/wp-json\/wp\/v2\/users\/1"}],"replies":[{"embeddable":true,"href":"https:\/\/thecastle.com.pl\/it\/wp-json\/wp\/v2\/comments?post=6215"}],"version-history":[{"count":5,"href":"https:\/\/thecastle.com.pl\/it\/wp-json\/wp\/v2\/pages\/6215\/revisions"}],"predecessor-version":[{"id":6248,"href":"https:\/\/thecastle.com.pl\/it\/wp-json\/wp\/v2\/pages\/6215\/revisions\/6248"}],"wp:attachment":[{"href":"https:\/\/thecastle.com.pl\/it\/wp-json\/wp\/v2\/media?parent=6215"}],"curies":[{"name":"wp","href":"https:\/\/api.w.org\/{rel}","templated":true}]}}