{"id":5631,"date":"2023-04-15T18:00:38","date_gmt":"2023-04-15T18:00:38","guid":{"rendered":"https:\/\/thecastle.com.pl\/?page_id=5631"},"modified":"2025-04-15T15:12:10","modified_gmt":"2025-04-15T15:12:10","slug":"polityka-cookies","status":"publish","type":"page","link":"https:\/\/thecastle.com.pl\/pl\/polityka-cookies\/","title":{"rendered":"Polityka dotycz\u0105ca plik\u00f3w cookie"},"content":{"rendered":"<div data-elementor-type=\"wp-page\" data-elementor-id=\"5631\" class=\"elementor elementor-5631\">\n\t\t\t\t\t\t<section class=\"elementor-section elementor-top-section elementor-element elementor-element-76df1a28 elementor-section-boxed elementor-section-height-default elementor-section-height-default\" data-id=\"76df1a28\" data-element_type=\"section\">\n\t\t\t\t\t\t<div class=\"elementor-container elementor-column-gap-default\">\n\t\t\t\t\t<div class=\"elementor-column elementor-col-100 elementor-top-column elementor-element elementor-element-73d87b81\" data-id=\"73d87b81\" data-element_type=\"column\">\n\t\t\t<div class=\"elementor-widget-wrap elementor-element-populated\">\n\t\t\t\t\t\t<div class=\"elementor-element elementor-element-5b320154 elementor-widget elementor-widget-text-editor\" data-id=\"5b320154\" data-element_type=\"widget\" data-widget_type=\"text-editor.default\">\n\t\t\t\t<div class=\"elementor-widget-container\">\n\t\t\t\t\t\t\t\t\t<p><\/p>\n<h1>Polityka plik\u00f3w cookie<\/h1>\n<p>\u00a0<\/p>\n<p><span style=\"color: inherit; font-family: inherit; font-size: inherit; font-style: inherit; font-weight: inherit;\">Ciasteczka to ma\u0142e pliki danych umieszczane na twoim komputerze lub urz\u0105dzeniu mobilnym podczas odwiedzania strony internetowej. Ciasteczka s\u0105 powszechnie stosowane przez w\u0142a\u015bcicieli stron internetowych, aby umo\u017cliwi\u0107 dzia\u0142anie ich witryn lub bardziej efektywne dzia\u0142anie, a tak\u017ce dostarcza\u0107 informacje statystyczne.\u00a0<\/span><\/p>\n<h2><span style=\"color: inherit; font-family: inherit; font-size: inherit; font-style: inherit; font-weight: inherit;\">Jakie informacje zbieraj\u0105 ciasteczka?<\/span><\/h2>\n<p>Na naszej stronie internetowej, ciasteczka zbieraj\u0105 informacje, w tym:<\/p>\n<ul>\n<li>\n<p>Adres IP<\/p>\n<\/li>\n<li>\n<p>Ogl\u0105dane strony<\/p>\n<\/li>\n<li>\n<p>Rodzaj przegl\u0105darki<\/p>\n<\/li>\n<li>\n<p>Informacje o przegl\u0105daniu<\/p>\n<\/li>\n<li>\n<p>System operacyjny<\/p>\n<\/li>\n<li>\n<p>URL \u017ar\u00f3d\u0142owe<\/p>\n<\/li>\n<li>\n<p>Czas sp\u0119dzony na naszej stronie<\/p>\n<\/li>\n<\/ul>\n<h2>Jak wykorzystywane s\u0105 pliki cookies?<\/h2>\n<p>Wykorzystujemy narz\u0119dzie Google Analytics do przeprowadzania analizy statystycznej korzystania z naszych stron, interakcji u\u017cytkownik\u00f3w oraz \u015bcie\u017cek nawigacji po stronie internetowej w celu oceny i rozwoju naszej witryny. Jest to znane jako \u201eanalityka cyfrowa\u201d. Mo\u017cemy r\u00f3wnie\u017c rejestrowa\u0107 pewne informacje, kt\u00f3re klienci podaj\u0105 podczas dokonywania zakupu na stronie internetowej lub w innych procesach.<\/p>\n<p>Te informacje pozwalaj\u0105 nam lepiej zrozumie\u0107 indywidualne zachowania i potrzeby. Aby uzyska\u0107 wi\u0119cej informacji na temat sposobu wykorzystywania danych gromadzonych przez Google za po\u015brednictwem tej us\u0142ugi, zapoznaj si\u0119 tutaj:\u00a0<a class=\"atds-link\" href=\"http:\/\/www.google.com\/policies\/privacy\/partners\/\" target=\"_blank\" rel=\"nofollow noopener noreferrer\">http:\/\/www.google.com\/policies\/privacy\/partners\/<\/a><\/p>\n<p>Aby zrezygnowa\u0107 z \u015bledzenia za po\u015brednictwem Google Analytics, mo\u017cna r\u00f3wnie\u017c u\u017cy\u0107 dodatku do przegl\u0105darki do wy\u0142\u0105czenia \u015bledzenia Google:\u00a0<a class=\"atds-link\" href=\"https:\/\/tools.google.com\/dlpage\/gaoptout\" target=\"_blank\" rel=\"nofollow noopener noreferrer\">https:\/\/tools.google.com\/dlpage\/gaoptout<\/a><\/p>\n<p><\/p>\t\t\t\t\t\t\t\t<\/div>\n\t\t\t\t<\/div>\n\t\t\t\t\t<\/div>\n\t\t<\/div>\n\t\t\t\t\t<\/div>\n\t\t<\/section>\n\t\t\t\t<\/div>","protected":false},"excerpt":{"rendered":"<p>Polityka plik\u00f3w cookie Pliki cookie to ma\u0142e pliki danych, kt\u00f3re s\u0105 umieszczane na komputerze lub urz\u0105dzeniu mobilnym podczas odwiedzania strony internetowej. Pliki cookie s\u0105 powszechnie u\u017cywane przez w\u0142a\u015bcicieli witryn internetowych w celu usprawnienia ich dzia\u0142ania lub ... <a href=\"https:\/\/thecastle.com.pl\/pl\/polityka-cookies\/\">Czytaj wi\u0119cej<\/a><\/p>","protected":false},"author":1,"featured_media":0,"parent":0,"menu_order":0,"comment_status":"closed","ping_status":"open","template":"","meta":{"footnotes":""},"class_list":["post-5631","page","type-page","status-publish","hentry"],"yoast_head":"<!-- This site is optimized with the Yoast SEO plugin v25.5 - https:\/\/yoast.com\/wordpress\/plugins\/seo\/ -->\n<title>Cookie Policy - The Castle - Krakow Accommodation and Guide<\/title>\n<meta name=\"robots\" content=\"noindex, follow\" \/>\n<meta property=\"og:locale\" content=\"pl_PL\" \/>\n<meta property=\"og:type\" content=\"article\" \/>\n<meta property=\"og:title\" content=\"Cookie Policy - The Castle - Krakow Accommodation and Guide\" \/>\n<meta property=\"og:description\" content=\"Cookie policy \u00a0 Cookies are small data files that are placed on your computer or mobile device when you visit a website. Cookies are widely used by website owners in order to make their websites work, or to work more &hellip; Read More\" \/>\n<meta property=\"og:url\" content=\"https:\/\/thecastle.com.pl\/pl\/polityka-plikow-cookie\/\" \/>\n<meta property=\"og:site_name\" content=\"The Castle - Krakow Accommodation and Guide\" \/>\n<meta property=\"article:modified_time\" content=\"2025-04-15T15:12:10+00:00\" \/>\n<meta name=\"twitter:card\" content=\"summary_large_image\" \/>\n<meta name=\"twitter:label1\" content=\"Szacowany czas czytania\" \/>\n\t<meta name=\"twitter:data1\" content=\"1 minuta\" \/>\n<script type=\"application\/ld+json\" class=\"yoast-schema-graph\">{\"@context\":\"https:\/\/schema.org\",\"@graph\":[{\"@type\":\"WebPage\",\"@id\":\"https:\/\/thecastle.com.pl\/it\/politica-sui-cookie\/\",\"url\":\"https:\/\/thecastle.com.pl\/it\/politica-sui-cookie\/\",\"name\":\"Cookie Policy - The Castle - Krakow Accommodation and Guide\",\"isPartOf\":{\"@id\":\"https:\/\/thecastle.com.pl\/it\/#website\"},\"datePublished\":\"2023-04-15T18:00:38+00:00\",\"dateModified\":\"2025-04-15T15:12:10+00:00\",\"breadcrumb\":{\"@id\":\"https:\/\/thecastle.com.pl\/it\/politica-sui-cookie\/#breadcrumb\"},\"inLanguage\":\"pl-PL\",\"potentialAction\":[{\"@type\":\"ReadAction\",\"target\":[\"https:\/\/thecastle.com.pl\/it\/politica-sui-cookie\/\"]}]},{\"@type\":\"BreadcrumbList\",\"@id\":\"https:\/\/thecastle.com.pl\/it\/politica-sui-cookie\/#breadcrumb\",\"itemListElement\":[{\"@type\":\"ListItem\",\"position\":1,\"name\":\"Home\",\"item\":\"https:\/\/thecastle.com.pl\/it\/\"},{\"@type\":\"ListItem\",\"position\":2,\"name\":\"Cookie Policy\"}]},{\"@type\":\"WebSite\",\"@id\":\"https:\/\/thecastle.com.pl\/it\/#website\",\"url\":\"https:\/\/thecastle.com.pl\/it\/\",\"name\":\"The Castle - Krakow Accommodation and Guide\",\"description\":\"Your short-term stay in Krakow\",\"publisher\":{\"@id\":\"https:\/\/thecastle.com.pl\/it\/#organization\"},\"potentialAction\":[{\"@type\":\"SearchAction\",\"target\":{\"@type\":\"EntryPoint\",\"urlTemplate\":\"https:\/\/thecastle.com.pl\/it\/?s={search_term_string}\"},\"query-input\":{\"@type\":\"PropertyValueSpecification\",\"valueRequired\":true,\"valueName\":\"search_term_string\"}}],\"inLanguage\":\"pl-PL\"},{\"@type\":\"Organization\",\"@id\":\"https:\/\/thecastle.com.pl\/it\/#organization\",\"name\":\"The Castle - Krakow Accommodation and Guide\",\"url\":\"https:\/\/thecastle.com.pl\/it\/\",\"logo\":{\"@type\":\"ImageObject\",\"inLanguage\":\"pl-PL\",\"@id\":\"https:\/\/thecastle.com.pl\/it\/#\/schema\/logo\/image\/\",\"url\":\"https:\/\/thecastle.com.pl\/wp-content\/uploads\/2022\/08\/cropped-The-castle-suites-apartments_logo_2.jpg\",\"contentUrl\":\"https:\/\/thecastle.com.pl\/wp-content\/uploads\/2022\/08\/cropped-The-castle-suites-apartments_logo_2.jpg\",\"width\":1620,\"height\":1351,\"caption\":\"The Castle - Krakow Accommodation and Guide\"},\"image\":{\"@id\":\"https:\/\/thecastle.com.pl\/it\/#\/schema\/logo\/image\/\"}}]}<\/script>\n<!-- \/ Yoast SEO plugin. -->","yoast_head_json":{"title":"Polityka cookies - The Castle - Krak\u00f3w noclegi i przewodnik","robots":{"index":"noindex","follow":"follow"},"og_locale":"pl_PL","og_type":"article","og_title":"Cookie Policy - The Castle - Krakow Accommodation and Guide","og_description":"Cookie policy \u00a0 Cookies are small data files that are placed on your computer or mobile device when you visit a website. Cookies are widely used by website owners in order to make their websites work, or to work more &hellip; Read More","og_url":"https:\/\/thecastle.com.pl\/pl\/polityka-plikow-cookie\/","og_site_name":"The Castle - Krakow Accommodation and Guide","article_modified_time":"2025-04-15T15:12:10+00:00","twitter_card":"summary_large_image","twitter_misc":{"Szacowany czas czytania":"1 minuta"},"schema":{"@context":"https:\/\/schema.org","@graph":[{"@type":"WebPage","@id":"https:\/\/thecastle.com.pl\/it\/politica-sui-cookie\/","url":"https:\/\/thecastle.com.pl\/it\/politica-sui-cookie\/","name":"Polityka cookies - The Castle - Krak\u00f3w noclegi i przewodnik","isPartOf":{"@id":"https:\/\/thecastle.com.pl\/it\/#website"},"datePublished":"2023-04-15T18:00:38+00:00","dateModified":"2025-04-15T15:12:10+00:00","breadcrumb":{"@id":"https:\/\/thecastle.com.pl\/it\/politica-sui-cookie\/#breadcrumb"},"inLanguage":"pl-PL","potentialAction":[{"@type":"ReadAction","target":["https:\/\/thecastle.com.pl\/it\/politica-sui-cookie\/"]}]},{"@type":"BreadcrumbList","@id":"https:\/\/thecastle.com.pl\/it\/politica-sui-cookie\/#breadcrumb","itemListElement":[{"@type":"ListItem","position":1,"name":"Home","item":"https:\/\/thecastle.com.pl\/it\/"},{"@type":"ListItem","position":2,"name":"Cookie Policy"}]},{"@type":"WebSite","@id":"https:\/\/thecastle.com.pl\/it\/#website","url":"https:\/\/thecastle.com.pl\/it\/","name":"The Castle - Zakwaterowanie i Przewodnik po Krakowie","description":"Kr\u00f3tkoterminowy pobyt w Krakowie","publisher":{"@id":"https:\/\/thecastle.com.pl\/it\/#organization"},"potentialAction":[{"@type":"SearchAction","target":{"@type":"EntryPoint","urlTemplate":"https:\/\/thecastle.com.pl\/it\/?s={search_term_string}"},"query-input":{"@type":"PropertyValueSpecification","valueRequired":true,"valueName":"search_term_string"}}],"inLanguage":"pl-PL"},{"@type":"Organization","@id":"https:\/\/thecastle.com.pl\/it\/#organization","name":"The Castle - Zakwaterowanie i Przewodnik po Krakowie","url":"https:\/\/thecastle.com.pl\/it\/","logo":{"@type":"ImageObject","inLanguage":"pl-PL","@id":"https:\/\/thecastle.com.pl\/it\/#\/schema\/logo\/image\/","url":"https:\/\/thecastle.com.pl\/wp-content\/uploads\/2022\/08\/cropped-The-castle-suites-apartments_logo_2.jpg","contentUrl":"https:\/\/thecastle.com.pl\/wp-content\/uploads\/2022\/08\/cropped-The-castle-suites-apartments_logo_2.jpg","width":1620,"height":1351,"caption":"The Castle - Krakow Accommodation and Guide"},"image":{"@id":"https:\/\/thecastle.com.pl\/it\/#\/schema\/logo\/image\/"}}]}},"_links":{"self":[{"href":"https:\/\/thecastle.com.pl\/pl\/wp-json\/wp\/v2\/pages\/5631","targetHints":{"allow":["GET"]}}],"collection":[{"href":"https:\/\/thecastle.com.pl\/pl\/wp-json\/wp\/v2\/pages"}],"about":[{"href":"https:\/\/thecastle.com.pl\/pl\/wp-json\/wp\/v2\/types\/page"}],"author":[{"embeddable":true,"href":"https:\/\/thecastle.com.pl\/pl\/wp-json\/wp\/v2\/users\/1"}],"replies":[{"embeddable":true,"href":"https:\/\/thecastle.com.pl\/pl\/wp-json\/wp\/v2\/comments?post=5631"}],"version-history":[{"count":5,"href":"https:\/\/thecastle.com.pl\/pl\/wp-json\/wp\/v2\/pages\/5631\/revisions"}],"predecessor-version":[{"id":15776,"href":"https:\/\/thecastle.com.pl\/pl\/wp-json\/wp\/v2\/pages\/5631\/revisions\/15776"}],"wp:attachment":[{"href":"https:\/\/thecastle.com.pl\/pl\/wp-json\/wp\/v2\/media?parent=5631"}],"curies":[{"name":"wp","href":"https:\/\/api.w.org\/{rel}","templated":true}]}}