{"id":6215,"date":"2023-04-25T17:19:51","date_gmt":"2023-04-25T17:19:51","guid":{"rendered":"https:\/\/thecastle.com.pl\/?page_id=6215"},"modified":"2023-04-25T17:29:16","modified_gmt":"2023-04-25T17:29:16","slug":"warunki-pobytu","status":"publish","type":"page","link":"https:\/\/thecastle.com.pl\/pl\/warunki-pobytu\/","title":{"rendered":"Regularmin pobytu"},"content":{"rendered":"<div data-elementor-type=\"wp-page\" data-elementor-id=\"6215\" class=\"elementor elementor-6215\">\n\t\t\t\t\t\t<section class=\"elementor-section elementor-top-section elementor-element elementor-element-76df1a28 elementor-section-boxed elementor-section-height-default elementor-section-height-default\" data-id=\"76df1a28\" data-element_type=\"section\">\n\t\t\t\t\t\t<div class=\"elementor-container elementor-column-gap-default\">\n\t\t\t\t\t<div class=\"elementor-column elementor-col-100 elementor-top-column elementor-element elementor-element-73d87b81\" data-id=\"73d87b81\" data-element_type=\"column\">\n\t\t\t<div class=\"elementor-widget-wrap elementor-element-populated\">\n\t\t\t\t\t\t<div class=\"elementor-element elementor-element-5b320154 elementor-widget elementor-widget-text-editor\" data-id=\"5b320154\" data-element_type=\"widget\" data-widget_type=\"text-editor.default\">\n\t\t\t\t<div class=\"elementor-widget-container\">\n\t\t\t\t\t\t\t\t\t<p><\/p>\n<h2>Regularmin pobytu<\/h2>\n<p>Dokonuj\u0105c rezerwacji na naszej stronie, akceptujesz nast\u0119puj\u0105cy regulamin pobytu.<\/p>\n<p><\/p>\n<p><\/p>\n<ol>\n<li>Zameldowanie odbywa si\u0119 od 15:00 do 23:00.<\/li>\n<li>Wymeldowanie odbywa si\u0119 do godziny 11:00. P\u00f3\u017ane wymeldowanie mo\u017cna uzgodni\u0107 za dodatkow\u0105 op\u0142at\u0105.<\/li>\n<li>Minimalny wiek osoby dokonuj\u0105cej zameldowania \u2013 18 lat.<\/li>\n<li>Zwierz\u0119ta nie s\u0105 akceptowane.<\/li>\n<li>Nie wolno organizowa\u0107 imprez.<\/li>\n<li>W budynku obowi\u0105zuje zakaz palenia. Palenie wywo\u0142a alarm przeciwpo\u017carowy, za\nco grozi kara wysoko\u015bci 500 z\u0142.<\/li>\n<li>Zakaz przyprowadzania os\u00f3b postronnych po godzinie 21:00 w przypadku pobyt\u00f3w kr\u00f3tkoterminowych.<\/li>\n<li>Cisza nocna obowi\u0105zuje od 22:00 do 07.00.<\/li>\n<li>Prosimy o pilnowanie swoich kluczy. Kara za zgubienie kluczy wynosi 100 z\u0142.<\/li>\n<li>Prosimy o pozostawianiem pilot\u00f3w do urz\u0105dze\u0144 w pokoju.<\/li>\n<li>Prosimy o nie niszczenie mebli.<\/li>\n<li>Zakaz za\u017cywania narkotyk\u00f3w.<\/li>\n<\/ol>\n<p><\/p>\t\t\t\t\t\t\t\t<\/div>\n\t\t\t\t<\/div>\n\t\t\t\t\t<\/div>\n\t\t<\/div>\n\t\t\t\t\t<\/div>\n\t\t<\/section>\n\t\t\t\t<\/div>","protected":false},"excerpt":{"rendered":"<p>Nasze warunki pobytu Dokonuj\u0105c rezerwacji na naszej stronie internetowej, zgadzasz si\u0119 na nast\u0119puj\u0105ce zasady. Zameldowanie odbywa si\u0119 w godzinach od 15:00 do 23:00. Wymeldowanie odbywa si\u0119 do godziny 11:00. P\u00f3\u017ane wymeldowanie mo\u017cna uzgodni\u0107 za dodatkow\u0105 op\u0142at\u0105. Minimalna ... <a href=\"https:\/\/thecastle.com.pl\/pl\/warunki-pobytu\/\">Czytaj wi\u0119cej<\/a><\/p>","protected":false},"author":1,"featured_media":0,"parent":0,"menu_order":0,"comment_status":"closed","ping_status":"open","template":"","meta":{"footnotes":""},"class_list":["post-6215","page","type-page","status-publish","hentry"],"yoast_head":"<!-- This site is optimized with the Yoast SEO plugin v25.5 - https:\/\/yoast.com\/wordpress\/plugins\/seo\/ -->\n<title>Our terms of stay - The Castle - Krakow Accommodation and Guide<\/title>\n<meta name=\"robots\" content=\"index, follow, max-snippet:-1, max-image-preview:large, max-video-preview:-1\" \/>\n<link rel=\"canonical\" href=\"https:\/\/thecastle.com.pl\/pl\/warunki-pobytu\/\" \/>\n<meta property=\"og:locale\" content=\"pl_PL\" \/>\n<meta property=\"og:type\" content=\"article\" \/>\n<meta property=\"og:title\" content=\"Our terms of stay - The Castle - Krakow Accommodation and Guide\" \/>\n<meta property=\"og:description\" content=\"Our terms of stay When making a booking on our website, you agree to the following house rules. Check-in time is 3-11pm. Check-out time is until 11am. Late check out can be agreed upon for an additional fee. The minimum &hellip; Read More\" \/>\n<meta property=\"og:url\" content=\"https:\/\/thecastle.com.pl\/pl\/warunki-pobytu\/\" \/>\n<meta property=\"og:site_name\" content=\"The Castle - Krakow Accommodation and Guide\" \/>\n<meta property=\"article:modified_time\" content=\"2023-04-25T17:29:16+00:00\" \/>\n<meta name=\"twitter:card\" content=\"summary_large_image\" \/>\n<meta name=\"twitter:label1\" content=\"Szacowany czas czytania\" \/>\n\t<meta name=\"twitter:data1\" content=\"1 minuta\" \/>\n<script type=\"application\/ld+json\" class=\"yoast-schema-graph\">{\"@context\":\"https:\/\/schema.org\",\"@graph\":[{\"@type\":\"WebPage\",\"@id\":\"https:\/\/thecastle.com.pl\/it\/condizioni-di-soggiorno\/\",\"url\":\"https:\/\/thecastle.com.pl\/it\/condizioni-di-soggiorno\/\",\"name\":\"Our terms of stay - The Castle - Krakow Accommodation and Guide\",\"isPartOf\":{\"@id\":\"https:\/\/thecastle.com.pl\/it\/#website\"},\"datePublished\":\"2023-04-25T17:19:51+00:00\",\"dateModified\":\"2023-04-25T17:29:16+00:00\",\"breadcrumb\":{\"@id\":\"https:\/\/thecastle.com.pl\/it\/condizioni-di-soggiorno\/#breadcrumb\"},\"inLanguage\":\"pl-PL\",\"potentialAction\":[{\"@type\":\"ReadAction\",\"target\":[\"https:\/\/thecastle.com.pl\/it\/condizioni-di-soggiorno\/\"]}]},{\"@type\":\"BreadcrumbList\",\"@id\":\"https:\/\/thecastle.com.pl\/it\/condizioni-di-soggiorno\/#breadcrumb\",\"itemListElement\":[{\"@type\":\"ListItem\",\"position\":1,\"name\":\"Home\",\"item\":\"https:\/\/thecastle.com.pl\/it\/\"},{\"@type\":\"ListItem\",\"position\":2,\"name\":\"Our terms of stay\"}]},{\"@type\":\"WebSite\",\"@id\":\"https:\/\/thecastle.com.pl\/it\/#website\",\"url\":\"https:\/\/thecastle.com.pl\/it\/\",\"name\":\"The Castle - Krakow Accommodation and Guide\",\"description\":\"Your short-term stay in Krakow\",\"publisher\":{\"@id\":\"https:\/\/thecastle.com.pl\/it\/#organization\"},\"potentialAction\":[{\"@type\":\"SearchAction\",\"target\":{\"@type\":\"EntryPoint\",\"urlTemplate\":\"https:\/\/thecastle.com.pl\/it\/?s={search_term_string}\"},\"query-input\":{\"@type\":\"PropertyValueSpecification\",\"valueRequired\":true,\"valueName\":\"search_term_string\"}}],\"inLanguage\":\"pl-PL\"},{\"@type\":\"Organization\",\"@id\":\"https:\/\/thecastle.com.pl\/it\/#organization\",\"name\":\"The Castle - Krakow Accommodation and Guide\",\"url\":\"https:\/\/thecastle.com.pl\/it\/\",\"logo\":{\"@type\":\"ImageObject\",\"inLanguage\":\"pl-PL\",\"@id\":\"https:\/\/thecastle.com.pl\/it\/#\/schema\/logo\/image\/\",\"url\":\"https:\/\/thecastle.com.pl\/wp-content\/uploads\/2022\/08\/cropped-The-castle-suites-apartments_logo_2.jpg\",\"contentUrl\":\"https:\/\/thecastle.com.pl\/wp-content\/uploads\/2022\/08\/cropped-The-castle-suites-apartments_logo_2.jpg\",\"width\":1620,\"height\":1351,\"caption\":\"The Castle - Krakow Accommodation and Guide\"},\"image\":{\"@id\":\"https:\/\/thecastle.com.pl\/it\/#\/schema\/logo\/image\/\"}}]}<\/script>\n<!-- \/ Yoast SEO plugin. -->","yoast_head_json":{"title":"Nasze warunki pobytu - The Castle - Krak\u00f3w Zakwaterowanie i Przewodnik","robots":{"index":"index","follow":"follow","max-snippet":"max-snippet:-1","max-image-preview":"max-image-preview:large","max-video-preview":"max-video-preview:-1"},"canonical":"https:\/\/thecastle.com.pl\/pl\/warunki-pobytu\/","og_locale":"pl_PL","og_type":"article","og_title":"Our terms of stay - The Castle - Krakow Accommodation and Guide","og_description":"Our terms of stay When making a booking on our website, you agree to the following house rules. Check-in time is 3-11pm. Check-out time is until 11am. Late check out can be agreed upon for an additional fee. The minimum &hellip; Read More","og_url":"https:\/\/thecastle.com.pl\/pl\/warunki-pobytu\/","og_site_name":"The Castle - Krakow Accommodation and Guide","article_modified_time":"2023-04-25T17:29:16+00:00","twitter_card":"summary_large_image","twitter_misc":{"Szacowany czas czytania":"1 minuta"},"schema":{"@context":"https:\/\/schema.org","@graph":[{"@type":"WebPage","@id":"https:\/\/thecastle.com.pl\/it\/condizioni-di-soggiorno\/","url":"https:\/\/thecastle.com.pl\/it\/condizioni-di-soggiorno\/","name":"Nasze warunki pobytu - The Castle - Krak\u00f3w Zakwaterowanie i Przewodnik","isPartOf":{"@id":"https:\/\/thecastle.com.pl\/it\/#website"},"datePublished":"2023-04-25T17:19:51+00:00","dateModified":"2023-04-25T17:29:16+00:00","breadcrumb":{"@id":"https:\/\/thecastle.com.pl\/it\/condizioni-di-soggiorno\/#breadcrumb"},"inLanguage":"pl-PL","potentialAction":[{"@type":"ReadAction","target":["https:\/\/thecastle.com.pl\/it\/condizioni-di-soggiorno\/"]}]},{"@type":"BreadcrumbList","@id":"https:\/\/thecastle.com.pl\/it\/condizioni-di-soggiorno\/#breadcrumb","itemListElement":[{"@type":"ListItem","position":1,"name":"Home","item":"https:\/\/thecastle.com.pl\/it\/"},{"@type":"ListItem","position":2,"name":"Our terms of stay"}]},{"@type":"WebSite","@id":"https:\/\/thecastle.com.pl\/it\/#website","url":"https:\/\/thecastle.com.pl\/it\/","name":"The Castle - Zakwaterowanie i Przewodnik po Krakowie","description":"Kr\u00f3tkoterminowy pobyt w Krakowie","publisher":{"@id":"https:\/\/thecastle.com.pl\/it\/#organization"},"potentialAction":[{"@type":"SearchAction","target":{"@type":"EntryPoint","urlTemplate":"https:\/\/thecastle.com.pl\/it\/?s={search_term_string}"},"query-input":{"@type":"PropertyValueSpecification","valueRequired":true,"valueName":"search_term_string"}}],"inLanguage":"pl-PL"},{"@type":"Organization","@id":"https:\/\/thecastle.com.pl\/it\/#organization","name":"The Castle - Zakwaterowanie i Przewodnik po Krakowie","url":"https:\/\/thecastle.com.pl\/it\/","logo":{"@type":"ImageObject","inLanguage":"pl-PL","@id":"https:\/\/thecastle.com.pl\/it\/#\/schema\/logo\/image\/","url":"https:\/\/thecastle.com.pl\/wp-content\/uploads\/2022\/08\/cropped-The-castle-suites-apartments_logo_2.jpg","contentUrl":"https:\/\/thecastle.com.pl\/wp-content\/uploads\/2022\/08\/cropped-The-castle-suites-apartments_logo_2.jpg","width":1620,"height":1351,"caption":"The Castle - Krakow Accommodation and Guide"},"image":{"@id":"https:\/\/thecastle.com.pl\/it\/#\/schema\/logo\/image\/"}}]}},"_links":{"self":[{"href":"https:\/\/thecastle.com.pl\/pl\/wp-json\/wp\/v2\/pages\/6215","targetHints":{"allow":["GET"]}}],"collection":[{"href":"https:\/\/thecastle.com.pl\/pl\/wp-json\/wp\/v2\/pages"}],"about":[{"href":"https:\/\/thecastle.com.pl\/pl\/wp-json\/wp\/v2\/types\/page"}],"author":[{"embeddable":true,"href":"https:\/\/thecastle.com.pl\/pl\/wp-json\/wp\/v2\/users\/1"}],"replies":[{"embeddable":true,"href":"https:\/\/thecastle.com.pl\/pl\/wp-json\/wp\/v2\/comments?post=6215"}],"version-history":[{"count":5,"href":"https:\/\/thecastle.com.pl\/pl\/wp-json\/wp\/v2\/pages\/6215\/revisions"}],"predecessor-version":[{"id":6248,"href":"https:\/\/thecastle.com.pl\/pl\/wp-json\/wp\/v2\/pages\/6215\/revisions\/6248"}],"wp:attachment":[{"href":"https:\/\/thecastle.com.pl\/pl\/wp-json\/wp\/v2\/media?parent=6215"}],"curies":[{"name":"wp","href":"https:\/\/api.w.org\/{rel}","templated":true}]}}