{"id":7,"date":"2022-08-01T11:50:31","date_gmt":"2022-08-01T11:50:31","guid":{"rendered":"http:\/\/thecastle.onpressidium.com\/?page_id=3"},"modified":"2025-08-24T13:46:35","modified_gmt":"2025-08-24T13:46:35","slug":"polityke-prywatnosci","status":"publish","type":"page","link":"https:\/\/thecastle.com.pl\/pl\/polityke-prywatnosci\/","title":{"rendered":"Polityka prywatno\u015bci"},"content":{"rendered":"<div data-elementor-type=\"wp-page\" data-elementor-id=\"7\" class=\"elementor elementor-7\">\n\t\t\t\t\t\t<section class=\"elementor-section elementor-top-section elementor-element elementor-element-76df1a28 elementor-section-boxed elementor-section-height-default elementor-section-height-default\" data-id=\"76df1a28\" data-element_type=\"section\">\n\t\t\t\t\t\t<div class=\"elementor-container elementor-column-gap-default\">\n\t\t\t\t\t<div class=\"elementor-column elementor-col-100 elementor-top-column elementor-element elementor-element-73d87b81\" data-id=\"73d87b81\" data-element_type=\"column\">\n\t\t\t<div class=\"elementor-widget-wrap elementor-element-populated\">\n\t\t\t\t\t\t<div class=\"elementor-element elementor-element-5b320154 elementor-widget elementor-widget-text-editor\" data-id=\"5b320154\" data-element_type=\"widget\" data-widget_type=\"text-editor.default\">\n\t\t\t\t<div class=\"elementor-widget-container\">\n\t\t\t\t\t\t\t\t\t<p><\/p>\n<h3>Polityka prywatno\u015bci<\/h3>\n<p><\/p>\n<p>Niniejsza polityka prywatno\u015bci wyja\u015bnia, w jaki spos\u00f3b thecastle.com.pl wykorzystuje i przetwarza dane osobowe u\u017cytkownik\u00f3w. Thecastle.com.pl mo\u017ce by\u0107 r\u00f3wnie\u017c okre\u015blany jako \"my\", \"nas\", \"nasz\" lub \"strona internetowa\".<\/p>\n<p><\/p>\n<p><\/p>\n<h2 class=\"wp-block-heading\">Kto jest administratorem danych osobowych przetwarzanych?<\/h2>\n<p><\/p>\n<p><\/p>\n<p>Administratorem danych osobowych zbieranych za po\u015brednictwem strony internetowej jest Fancy Life Sp. z o.o., Adama Habeli 12, 30-898 Krak\u00f3w, NIP: 6793266864.<\/p>\n<p><\/p>\n<p><\/p>\n<p><\/p>\n<p><\/p>\n<h2 class=\"wp-block-heading\">Jakie dane zbieramy i dlaczego?<\/h2>\n<p><\/p>\n<p><\/p>\n<p>Zbieramy i wykorzystujemy Twoje dane do r\u00f3\u017cnych cel\u00f3w podczas korzystania z naszej strony internetowej.<\/p><p><!-- \/wp:list-item --><\/p>\n<p><!-- \/wp:list-item --><\/p>\n<p><!-- wp:list-item --><\/p>\n<p><!-- \/wp:list-item --><\/p>\n<p><!-- \/wp:paragraph --><\/p>\n<p><!-- wp:heading {\"level\":3} --><\/p>\n<h3>Live chat<\/h3>\n<p><!-- \/wp:heading --><\/p>\n<p><!-- wp:paragraph --><\/p>\n<p>Oferujemy funkcj\u0119 czatu na \u017cywo (Live chat) w celu u\u0142atwienia obs\u0142ugi klienta. Dane rejestrowane za po\u015brednictwem Live chat'u s\u0105 przechowywane na platformie Live chat'u udost\u0119pnianej przez Tidio.com. Tidio Polska Sp. o.o, z siedzib\u0105 w Szczecinie, ul. Wojska Polskiego 81 (70-481, Szczecin, Polska) b\u0119dzie pe\u0142ni\u0107 rol\u0119 podmiotu przetwarzaj\u0105cego dane. To jest ich <a href=\"https:\/\/www.tidio.com\/privacy-policy\/\" target=\"_blank\" rel=\"noreferrer noopener\">polityk\u0119 prywatno\u015bci<\/a>.<\/p>\n<p><!-- \/wp:paragraph --><\/p>\n<p><!-- wp:paragraph --><\/p>\n<p>Aby pom\u00f3c nam pom\u00f3c Tobie podczas Live chat'u, mo\u017cemy zbiera\u0107 dane kontaktowe, na przyk\u0142ad Twoje imi\u0119 i nazwisko oraz adres e-mail. Nigdy nie poprosimy o poufne informacje, takie jak dane karty kredytowej.<\/p>\n<p><!-- \/wp:paragraph --><\/p>\n<p><!-- wp:heading {\"level\":3} --><\/p>\n<h3>Formularz kontaktowy<\/h3>\n<p><!-- \/wp:heading --><\/p>\n<p><!-- wp:paragraph --><\/p>\n<p>Je\u015bli kontaktujesz si\u0119 z nami za po\u015brednictwem naszego formularza kontaktowego, zbieramy nast\u0119puj\u0105ce dane osobowe:<\/p>\n<ol>\n<li>Imi\u0119 i nazwisko<\/li>\n<li>Adres e-mail<\/li>\n<\/ol>\n<p><!-- \/wp:paragraph --><\/p>\n<p><!-- wp:list {\"ordered\":true} --><\/p>\n<ol>\n<li style=\"list-style-type: none;\">\n<ol><!-- wp:list-item --><\/ol>\n<\/li>\n<\/ol>\n<p><!-- \/wp:list-item --><\/p>\n<p><!-- wp:list-item --><\/p>\n<p><!-- \/wp:list-item --><\/p>\n<p><!-- \/wp:list --><\/p>\n<p><!-- wp:paragraph --><\/p>\n<p>U\u017cywamy tych informacji do komunikowania si\u0119 z Tob\u0105 i odpowiadania na Twoje zapytania.<\/p>\n<h3>Formularz rejestracji<\/h3>\n<p>Je\u015bli u\u017cytkownik zarejestruje si\u0119, aby otrzymywa\u0107 od nas aktualizacje na stronach naszego bloga, gromadzimy nast\u0119puj\u0105ce dane osobowe:<\/p>\n<ol>\n<li><span style=\"color: inherit; font-family: inherit; font-size: inherit; font-style: inherit; font-weight: inherit;\">Imi\u0119<\/span><\/li>\n<li><span style=\"color: inherit; font-family: inherit; font-size: inherit; font-style: inherit; font-weight: inherit;\">Adres e-mail<\/span><\/li>\n<\/ol>\n<p>U\u017cywamy tych informacji, aby powiadomi\u0107 Ci\u0119, gdy opublikujemy nowy post na naszym blogu i wys\u0142a\u0107 Ci ekskluzywne zni\u017cki na wynajem kr\u00f3tko- i \u015brednioterminowy w naszym obiekcie. Mo\u017cesz zrezygnowa\u0107 z subskrypcji w dowolnym momencie.<\/p>\n<p><!-- \/wp:paragraph --><\/p>\n<p><!-- wp:heading --><\/p>\n<h2>Komu udost\u0119pniamy Twoje dane<\/h2>\n<p><!-- \/wp:heading --><\/p>\n<p><!-- wp:paragraph --><\/p>\n<p>Twoje dane osobowe s\u0105 dost\u0119pne tylko dla naszych pracownik\u00f3w i s\u0105 wykorzystywane do zarz\u0105dzania Twoimi zapytaniami oraz \u015bwiadczenia us\u0142ug, kt\u00f3re z nami zleci\u0142e\u015b.<\/p>\n<p><!-- \/wp:paragraph --><\/p>\n<p><!-- wp:heading --><\/p>\n<h2>Pliki cookie<\/h2>\n<p><!-- \/wp:heading --><\/p>\n<p><!-- wp:paragraph --><\/p>\n<p>Pliki cookie to ma\u0142e pliki danych, kt\u00f3re s\u0105 umieszczane na Twoim komputerze lub urz\u0105dzeniu mobilnym podczas odwiedzania strony internetowej. Pliki cookie s\u0105 szeroko stosowane przez w\u0142a\u015bcicieli witryn internetowych w celu zapewnienia dzia\u0142ania lub wydajniejszego dzia\u0142ania ich witryn internetowych, a tak\u017ce w celu dostarczania informacji sprawozdawczych. Zobacz jak i dlaczego u\u017cywamy plik\u00f3w cookies w naszej <a href=\"https:\/\/thecastle.com.pl\/pl\/polityka-cookies\/\">polityce dotycz\u0105cej plik\u00f3w cookie<\/a>.<\/p>\n<h2>Twoje prawa<\/h2>\n<p class=\"p1\">Przys\u0142uguje Ci prawo dost\u0119pu do tre\u015bci danych oraz ich poprawiania. Ponadto przys\u0142uguje Ci prawo do cofni\u0119cia zgody w dowolnym momencie, prawo do jej usuni\u0119cia, a tak\u017ce prawo do bycia zapomnianym w przypadku przetwarzania danych osobowych w celach marketingowych.<\/p>\n<p><!-- \/wp:paragraph --><\/p>\n<p><!-- wp:heading --><\/p>\n<h2>Administrator danych<\/h2>\n<p><!-- \/wp:heading --><\/p>\n<p><!-- wp:paragraph --><\/p>\n<p>Je\u015bli masz jakiekolwiek pytania dotycz\u0105ce niniejszej polityki prywatno\u015bci, wy\u015blij e-mail na adres info@thecastle.com.pl<\/p>\n<p><!-- \/wp:paragraph --><\/p>\t\t\t\t\t\t\t\t<\/div>\n\t\t\t\t<\/div>\n\t\t\t\t\t<\/div>\n\t\t<\/div>\n\t\t\t\t\t<\/div>\n\t\t<\/section>\n\t\t\t\t<\/div>","protected":false},"excerpt":{"rendered":"<p>Polityka prywatno\u015bci Niniejsza polityka prywatno\u015bci wyja\u015bnia, w jaki spos\u00f3b thecastle.com.pl wykorzystuje i przetwarza dane osobowe u\u017cytkownik\u00f3w. Thecastle.com.pl mo\u017ce by\u0107 r\u00f3wnie\u017c okre\u015blany jako \"my\", \"nas\", \"nasz\" lub \"strona internetowa\". Kto jest odpowiedzialny za kontrolowanie i przetwarzanie danych osobowych? Administratorem danych osobowych ... <a href=\"https:\/\/thecastle.com.pl\/pl\/polityke-prywatnosci\/\">Czytaj wi\u0119cej<\/a><\/p>","protected":false},"author":1,"featured_media":0,"parent":0,"menu_order":0,"comment_status":"closed","ping_status":"open","template":"","meta":{"footnotes":""},"class_list":["post-7","page","type-page","status-publish","hentry"],"yoast_head":"<!-- This site is optimized with the Yoast SEO plugin v25.5 - https:\/\/yoast.com\/wordpress\/plugins\/seo\/ -->\n<title>Privacy Policy - The Castle - Krakow Accommodation and Guide<\/title>\n<meta name=\"robots\" content=\"index, follow, max-snippet:-1, max-image-preview:large, max-video-preview:-1\" \/>\n<link rel=\"canonical\" href=\"https:\/\/thecastle.com.pl\/pl\/polityke-prywatnosci\/\" \/>\n<meta property=\"og:locale\" content=\"pl_PL\" \/>\n<meta property=\"og:type\" content=\"article\" \/>\n<meta property=\"og:title\" content=\"Privacy Policy - The Castle - Krakow Accommodation and Guide\" \/>\n<meta property=\"og:description\" content=\"Privacy policy This privacy policy explains how thecastle.com.pl uses and processes your personal data. Thecastle.com.pl may also be referred to as &#8216;we&#8217;, &#8216;us&#8217;, &#8216;our&#8217; or &#8216;the website&#8217;. Who is responsible for controlling and processing personal data? The controller of personal &hellip; Read More\" \/>\n<meta property=\"og:url\" content=\"https:\/\/thecastle.com.pl\/pl\/polityke-prywatnosci\/\" \/>\n<meta property=\"og:site_name\" content=\"The Castle - Krakow Accommodation and Guide\" \/>\n<meta property=\"article:modified_time\" content=\"2025-08-24T13:46:35+00:00\" \/>\n<meta name=\"twitter:card\" content=\"summary_large_image\" \/>\n<meta name=\"twitter:label1\" content=\"Szacowany czas czytania\" \/>\n\t<meta name=\"twitter:data1\" content=\"2 minuty\" \/>\n<script type=\"application\/ld+json\" class=\"yoast-schema-graph\">{\"@context\":\"https:\/\/schema.org\",\"@graph\":[{\"@type\":\"WebPage\",\"@id\":\"https:\/\/thecastle.com.pl\/en\/privacy-policy\/\",\"url\":\"https:\/\/thecastle.com.pl\/en\/privacy-policy\/\",\"name\":\"Privacy Policy - The Castle - Krakow Accommodation and Guide\",\"isPartOf\":{\"@id\":\"https:\/\/thecastle.com.pl\/it\/#website\"},\"datePublished\":\"2022-08-01T11:50:31+00:00\",\"dateModified\":\"2025-08-24T13:46:35+00:00\",\"breadcrumb\":{\"@id\":\"https:\/\/thecastle.com.pl\/en\/privacy-policy\/#breadcrumb\"},\"inLanguage\":\"pl-PL\",\"potentialAction\":[{\"@type\":\"ReadAction\",\"target\":[\"https:\/\/thecastle.com.pl\/en\/privacy-policy\/\"]}]},{\"@type\":\"BreadcrumbList\",\"@id\":\"https:\/\/thecastle.com.pl\/en\/privacy-policy\/#breadcrumb\",\"itemListElement\":[{\"@type\":\"ListItem\",\"position\":1,\"name\":\"Home\",\"item\":\"https:\/\/thecastle.com.pl\/it\/\"},{\"@type\":\"ListItem\",\"position\":2,\"name\":\"Privacy Policy\"}]},{\"@type\":\"WebSite\",\"@id\":\"https:\/\/thecastle.com.pl\/it\/#website\",\"url\":\"https:\/\/thecastle.com.pl\/it\/\",\"name\":\"The Castle - Krakow Accommodation and Guide\",\"description\":\"Your short-term stay in Krakow\",\"publisher\":{\"@id\":\"https:\/\/thecastle.com.pl\/it\/#organization\"},\"potentialAction\":[{\"@type\":\"SearchAction\",\"target\":{\"@type\":\"EntryPoint\",\"urlTemplate\":\"https:\/\/thecastle.com.pl\/it\/?s={search_term_string}\"},\"query-input\":{\"@type\":\"PropertyValueSpecification\",\"valueRequired\":true,\"valueName\":\"search_term_string\"}}],\"inLanguage\":\"pl-PL\"},{\"@type\":\"Organization\",\"@id\":\"https:\/\/thecastle.com.pl\/it\/#organization\",\"name\":\"The Castle - Krakow Accommodation and Guide\",\"url\":\"https:\/\/thecastle.com.pl\/it\/\",\"logo\":{\"@type\":\"ImageObject\",\"inLanguage\":\"pl-PL\",\"@id\":\"https:\/\/thecastle.com.pl\/it\/#\/schema\/logo\/image\/\",\"url\":\"https:\/\/thecastle.com.pl\/wp-content\/uploads\/2022\/08\/cropped-The-castle-suites-apartments_logo_2.jpg\",\"contentUrl\":\"https:\/\/thecastle.com.pl\/wp-content\/uploads\/2022\/08\/cropped-The-castle-suites-apartments_logo_2.jpg\",\"width\":1620,\"height\":1351,\"caption\":\"The Castle - Krakow Accommodation and Guide\"},\"image\":{\"@id\":\"https:\/\/thecastle.com.pl\/it\/#\/schema\/logo\/image\/\"}}]}<\/script>\n<!-- \/ Yoast SEO plugin. -->","yoast_head_json":{"title":"Polityka prywatno\u015bci - The Castle - Krak\u00f3w noclegi i przewodnik","robots":{"index":"index","follow":"follow","max-snippet":"max-snippet:-1","max-image-preview":"max-image-preview:large","max-video-preview":"max-video-preview:-1"},"canonical":"https:\/\/thecastle.com.pl\/pl\/polityke-prywatnosci\/","og_locale":"pl_PL","og_type":"article","og_title":"Privacy Policy - The Castle - Krakow Accommodation and Guide","og_description":"Privacy policy This privacy policy explains how thecastle.com.pl uses and processes your personal data. Thecastle.com.pl may also be referred to as &#8216;we&#8217;, &#8216;us&#8217;, &#8216;our&#8217; or &#8216;the website&#8217;. Who is responsible for controlling and processing personal data? The controller of personal &hellip; Read More","og_url":"https:\/\/thecastle.com.pl\/pl\/polityke-prywatnosci\/","og_site_name":"The Castle - Krakow Accommodation and Guide","article_modified_time":"2025-08-24T13:46:35+00:00","twitter_card":"summary_large_image","twitter_misc":{"Szacowany czas czytania":"2 minuty"},"schema":{"@context":"https:\/\/schema.org","@graph":[{"@type":"WebPage","@id":"https:\/\/thecastle.com.pl\/en\/privacy-policy\/","url":"https:\/\/thecastle.com.pl\/en\/privacy-policy\/","name":"Polityka prywatno\u015bci - The Castle - Krak\u00f3w noclegi i przewodnik","isPartOf":{"@id":"https:\/\/thecastle.com.pl\/it\/#website"},"datePublished":"2022-08-01T11:50:31+00:00","dateModified":"2025-08-24T13:46:35+00:00","breadcrumb":{"@id":"https:\/\/thecastle.com.pl\/en\/privacy-policy\/#breadcrumb"},"inLanguage":"pl-PL","potentialAction":[{"@type":"ReadAction","target":["https:\/\/thecastle.com.pl\/en\/privacy-policy\/"]}]},{"@type":"BreadcrumbList","@id":"https:\/\/thecastle.com.pl\/en\/privacy-policy\/#breadcrumb","itemListElement":[{"@type":"ListItem","position":1,"name":"Home","item":"https:\/\/thecastle.com.pl\/it\/"},{"@type":"ListItem","position":2,"name":"Privacy Policy"}]},{"@type":"WebSite","@id":"https:\/\/thecastle.com.pl\/it\/#website","url":"https:\/\/thecastle.com.pl\/it\/","name":"The Castle - Zakwaterowanie i Przewodnik po Krakowie","description":"Kr\u00f3tkoterminowy pobyt w Krakowie","publisher":{"@id":"https:\/\/thecastle.com.pl\/it\/#organization"},"potentialAction":[{"@type":"SearchAction","target":{"@type":"EntryPoint","urlTemplate":"https:\/\/thecastle.com.pl\/it\/?s={search_term_string}"},"query-input":{"@type":"PropertyValueSpecification","valueRequired":true,"valueName":"search_term_string"}}],"inLanguage":"pl-PL"},{"@type":"Organization","@id":"https:\/\/thecastle.com.pl\/it\/#organization","name":"The Castle - Zakwaterowanie i Przewodnik po Krakowie","url":"https:\/\/thecastle.com.pl\/it\/","logo":{"@type":"ImageObject","inLanguage":"pl-PL","@id":"https:\/\/thecastle.com.pl\/it\/#\/schema\/logo\/image\/","url":"https:\/\/thecastle.com.pl\/wp-content\/uploads\/2022\/08\/cropped-The-castle-suites-apartments_logo_2.jpg","contentUrl":"https:\/\/thecastle.com.pl\/wp-content\/uploads\/2022\/08\/cropped-The-castle-suites-apartments_logo_2.jpg","width":1620,"height":1351,"caption":"The Castle - Krakow Accommodation and Guide"},"image":{"@id":"https:\/\/thecastle.com.pl\/it\/#\/schema\/logo\/image\/"}}]}},"_links":{"self":[{"href":"https:\/\/thecastle.com.pl\/pl\/wp-json\/wp\/v2\/pages\/7","targetHints":{"allow":["GET"]}}],"collection":[{"href":"https:\/\/thecastle.com.pl\/pl\/wp-json\/wp\/v2\/pages"}],"about":[{"href":"https:\/\/thecastle.com.pl\/pl\/wp-json\/wp\/v2\/types\/page"}],"author":[{"embeddable":true,"href":"https:\/\/thecastle.com.pl\/pl\/wp-json\/wp\/v2\/users\/1"}],"replies":[{"embeddable":true,"href":"https:\/\/thecastle.com.pl\/pl\/wp-json\/wp\/v2\/comments?post=7"}],"version-history":[{"count":5,"href":"https:\/\/thecastle.com.pl\/pl\/wp-json\/wp\/v2\/pages\/7\/revisions"}],"predecessor-version":[{"id":16162,"href":"https:\/\/thecastle.com.pl\/pl\/wp-json\/wp\/v2\/pages\/7\/revisions\/16162"}],"wp:attachment":[{"href":"https:\/\/thecastle.com.pl\/pl\/wp-json\/wp\/v2\/media?parent=7"}],"curies":[{"name":"wp","href":"https:\/\/api.w.org\/{rel}","templated":true}]}}